{"id":18401,"date":"2020-08-10T08:52:33","date_gmt":"2020-08-10T13:52:33","guid":{"rendered":"http:\/\/gvilaw-lp.local\/?page_id=18401"},"modified":"2023-10-09T02:37:16","modified_gmt":"2023-10-09T07:37:16","slug":"mapa-del-sitio","status":"publish","type":"page","link":"https:\/\/gvilaw.com\/es\/mapa-del-sitio\/","title":{"rendered":"Mapa del Sitio"},"content":{"rendered":"","protected":false},"excerpt":{"rendered":"","protected":false},"author":26,"featured_media":21386,"parent":0,"menu_order":0,"comment_status":"closed","ping_status":"closed","template":"","meta":{"_acf_changed":false,"footnotes":""},"class_list":["post-18401","page","type-page","status-publish","has-post-thumbnail","hentry"],"acf":[],"yoast_head":"<!-- This site is optimized with the Yoast SEO Premium plugin v27.3 (Yoast SEO v27.4) - https:\/\/yoast.com\/product\/yoast-seo-premium-wordpress\/ -->\n<title>Mapa del Sitio - Glasheen, Valles &amp; Inderman<\/title>\n<meta name=\"description\" content=\"Si desea navegar a una p\u00e1gina espec\u00edfica de nuestro sitio web, puede encontrarla a trav\u00e9s de nuestro mapa del sitio.\" \/>\n<meta name=\"robots\" content=\"index, follow, max-snippet:-1, max-image-preview:large, max-video-preview:-1\" \/>\n<link rel=\"canonical\" href=\"https:\/\/gvilaw.com\/es\/mapa-del-sitio\/\" \/>\n<meta property=\"og:locale\" content=\"es_ES\" \/>\n<meta property=\"og:type\" content=\"article\" \/>\n<meta property=\"og:title\" content=\"Mapa del Sitio\" \/>\n<meta property=\"og:description\" content=\"Si desea navegar a una p\u00e1gina espec\u00edfica de nuestro sitio web, puede encontrarla a trav\u00e9s de nuestro mapa del sitio.\" \/>\n<meta property=\"og:url\" content=\"https:\/\/gvilaw.com\/es\/mapa-del-sitio\/\" \/>\n<meta property=\"og:site_name\" content=\"Glasheen, Valles &amp; Inderman\" \/>\n<meta property=\"article:publisher\" content=\"https:\/\/www.facebook.com\/GVILaw\" \/>\n<meta property=\"article:modified_time\" content=\"2023-10-09T07:37:16+00:00\" \/>\n<meta property=\"og:image\" content=\"https:\/\/gvilaw.com\/wp-content\/uploads\/2020\/06\/gvi-logo-rec.png\" \/>\n\t<meta property=\"og:image:width\" content=\"286\" \/>\n\t<meta property=\"og:image:height\" content=\"106\" \/>\n\t<meta property=\"og:image:type\" content=\"image\/png\" \/>\n<meta name=\"twitter:card\" content=\"summary_large_image\" \/>\n<meta name=\"twitter:site\" content=\"@gvilaw\" \/>\n<script type=\"application\/ld+json\" class=\"yoast-schema-graph\">{\"@context\":\"https:\\\/\\\/schema.org\",\"@graph\":[{\"@type\":\"WebPage\",\"@id\":\"https:\\\/\\\/gvilaw.com\\\/es\\\/mapa-del-sitio\\\/\",\"url\":\"https:\\\/\\\/gvilaw.com\\\/es\\\/mapa-del-sitio\\\/\",\"name\":\"Mapa del Sitio - Glasheen, Valles &amp; Inderman\",\"isPartOf\":{\"@id\":\"https:\\\/\\\/gvilaw.com\\\/es\\\/#website\"},\"primaryImageOfPage\":{\"@id\":\"https:\\\/\\\/gvilaw.com\\\/es\\\/mapa-del-sitio\\\/#primaryimage\"},\"image\":{\"@id\":\"https:\\\/\\\/gvilaw.com\\\/es\\\/mapa-del-sitio\\\/#primaryimage\"},\"thumbnailUrl\":\"https:\\\/\\\/gvilaw.com\\\/wp-content\\\/uploads\\\/2024\\\/09\\\/Feature-Image-Image-Thumnail-2024-09.jpg\",\"datePublished\":\"2020-08-10T13:52:33+00:00\",\"dateModified\":\"2023-10-09T07:37:16+00:00\",\"description\":\"Si desea navegar a una p\u00e1gina espec\u00edfica de nuestro sitio web, puede encontrarla a trav\u00e9s de nuestro mapa del sitio.\",\"breadcrumb\":{\"@id\":\"https:\\\/\\\/gvilaw.com\\\/es\\\/mapa-del-sitio\\\/#breadcrumb\"},\"inLanguage\":\"es\",\"potentialAction\":[{\"@type\":\"ReadAction\",\"target\":[\"https:\\\/\\\/gvilaw.com\\\/es\\\/mapa-del-sitio\\\/\"]}]},{\"@type\":\"ImageObject\",\"inLanguage\":\"es\",\"@id\":\"https:\\\/\\\/gvilaw.com\\\/es\\\/mapa-del-sitio\\\/#primaryimage\",\"url\":\"https:\\\/\\\/gvilaw.com\\\/wp-content\\\/uploads\\\/2024\\\/09\\\/Feature-Image-Image-Thumnail-2024-09.jpg\",\"contentUrl\":\"https:\\\/\\\/gvilaw.com\\\/wp-content\\\/uploads\\\/2024\\\/09\\\/Feature-Image-Image-Thumnail-2024-09.jpg\",\"width\":900,\"height\":900,\"caption\":\"The Trusted Team at Glasheen, Valles & Inderman: Meet our experienced senior partners, ready to fight for your injury claim.\"},{\"@type\":\"BreadcrumbList\",\"@id\":\"https:\\\/\\\/gvilaw.com\\\/es\\\/mapa-del-sitio\\\/#breadcrumb\",\"itemListElement\":[{\"@type\":\"ListItem\",\"position\":1,\"name\":\"P\u00e1gina de inicio\",\"item\":\"https:\\\/\\\/gvilaw.com\\\/es\\\/\"},{\"@type\":\"ListItem\",\"position\":2,\"name\":\"Mapa del Sitio\"}]},{\"@type\":\"WebSite\",\"@id\":\"https:\\\/\\\/gvilaw.com\\\/es\\\/#website\",\"url\":\"https:\\\/\\\/gvilaw.com\\\/es\\\/\",\"name\":\"Glasheen, Valles & Inderman Injury Lawyers\",\"description\":\"Personal Injury Lawyers\",\"publisher\":{\"@id\":\"https:\\\/\\\/gvilaw.com\\\/es\\\/#organization\"},\"potentialAction\":[{\"@type\":\"SearchAction\",\"target\":{\"@type\":\"EntryPoint\",\"urlTemplate\":\"https:\\\/\\\/gvilaw.com\\\/es\\\/?s={search_term_string}\"},\"query-input\":{\"@type\":\"PropertyValueSpecification\",\"valueRequired\":true,\"valueName\":\"search_term_string\"}}],\"inLanguage\":\"es\"},{\"@type\":\"Organization\",\"@id\":\"https:\\\/\\\/gvilaw.com\\\/es\\\/#organization\",\"name\":\"Glasheen, Valles & Inderman Injury Lawyers\",\"alternateName\":\"GVILAW\",\"url\":\"https:\\\/\\\/gvilaw.com\\\/es\\\/\",\"logo\":{\"@type\":\"ImageObject\",\"inLanguage\":\"es\",\"@id\":\"https:\\\/\\\/gvilaw.com\\\/es\\\/#\\\/schema\\\/logo\\\/image\\\/\",\"url\":\"https:\\\/\\\/gvilaw.com\\\/wp-content\\\/uploads\\\/2024\\\/03\\\/Logo_GVI-ENG-Shield-Blk.png\",\"contentUrl\":\"https:\\\/\\\/gvilaw.com\\\/wp-content\\\/uploads\\\/2024\\\/03\\\/Logo_GVI-ENG-Shield-Blk.png\",\"width\":2792,\"height\":1802,\"caption\":\"Glasheen, Valles & Inderman Injury Lawyers\"},\"image\":{\"@id\":\"https:\\\/\\\/gvilaw.com\\\/es\\\/#\\\/schema\\\/logo\\\/image\\\/\"},\"sameAs\":[\"https:\\\/\\\/www.facebook.com\\\/GVILaw\",\"https:\\\/\\\/x.com\\\/gvilaw\",\"https:\\\/\\\/www.youtube.com\\\/user\\\/GlasheenLaw\"],\"legalName\":\"Glasheen, Valles & Inderman Injury Lawyers\",\"foundingDate\":\"1994-01-01\"}]}<\/script>\n<!-- \/ Yoast SEO Premium plugin. -->","yoast_head_json":{"title":"Mapa del Sitio - Glasheen, Valles &amp; Inderman","description":"Si desea navegar a una p\u00e1gina espec\u00edfica de nuestro sitio web, puede encontrarla a trav\u00e9s de nuestro mapa del sitio.","robots":{"index":"index","follow":"follow","max-snippet":"max-snippet:-1","max-image-preview":"max-image-preview:large","max-video-preview":"max-video-preview:-1"},"canonical":"https:\/\/gvilaw.com\/es\/mapa-del-sitio\/","og_locale":"es_ES","og_type":"article","og_title":"Mapa del Sitio","og_description":"Si desea navegar a una p\u00e1gina espec\u00edfica de nuestro sitio web, puede encontrarla a trav\u00e9s de nuestro mapa del sitio.","og_url":"https:\/\/gvilaw.com\/es\/mapa-del-sitio\/","og_site_name":"Glasheen, Valles &amp; Inderman","article_publisher":"https:\/\/www.facebook.com\/GVILaw","article_modified_time":"2023-10-09T07:37:16+00:00","og_image":[{"width":286,"height":106,"url":"https:\/\/gvilaw.com\/wp-content\/uploads\/2020\/06\/gvi-logo-rec.png","type":"image\/png"}],"twitter_card":"summary_large_image","twitter_site":"@gvilaw","schema":{"@context":"https:\/\/schema.org","@graph":[{"@type":"WebPage","@id":"https:\/\/gvilaw.com\/es\/mapa-del-sitio\/","url":"https:\/\/gvilaw.com\/es\/mapa-del-sitio\/","name":"Mapa del Sitio - Glasheen, Valles &amp; Inderman","isPartOf":{"@id":"https:\/\/gvilaw.com\/es\/#website"},"primaryImageOfPage":{"@id":"https:\/\/gvilaw.com\/es\/mapa-del-sitio\/#primaryimage"},"image":{"@id":"https:\/\/gvilaw.com\/es\/mapa-del-sitio\/#primaryimage"},"thumbnailUrl":"https:\/\/gvilaw.com\/wp-content\/uploads\/2024\/09\/Feature-Image-Image-Thumnail-2024-09.jpg","datePublished":"2020-08-10T13:52:33+00:00","dateModified":"2023-10-09T07:37:16+00:00","description":"Si desea navegar a una p\u00e1gina espec\u00edfica de nuestro sitio web, puede encontrarla a trav\u00e9s de nuestro mapa del sitio.","breadcrumb":{"@id":"https:\/\/gvilaw.com\/es\/mapa-del-sitio\/#breadcrumb"},"inLanguage":"es","potentialAction":[{"@type":"ReadAction","target":["https:\/\/gvilaw.com\/es\/mapa-del-sitio\/"]}]},{"@type":"ImageObject","inLanguage":"es","@id":"https:\/\/gvilaw.com\/es\/mapa-del-sitio\/#primaryimage","url":"https:\/\/gvilaw.com\/wp-content\/uploads\/2024\/09\/Feature-Image-Image-Thumnail-2024-09.jpg","contentUrl":"https:\/\/gvilaw.com\/wp-content\/uploads\/2024\/09\/Feature-Image-Image-Thumnail-2024-09.jpg","width":900,"height":900,"caption":"The Trusted Team at Glasheen, Valles & Inderman: Meet our experienced senior partners, ready to fight for your injury claim."},{"@type":"BreadcrumbList","@id":"https:\/\/gvilaw.com\/es\/mapa-del-sitio\/#breadcrumb","itemListElement":[{"@type":"ListItem","position":1,"name":"P\u00e1gina de inicio","item":"https:\/\/gvilaw.com\/es\/"},{"@type":"ListItem","position":2,"name":"Mapa del Sitio"}]},{"@type":"WebSite","@id":"https:\/\/gvilaw.com\/es\/#website","url":"https:\/\/gvilaw.com\/es\/","name":"Glasheen, Valles & Inderman Injury Lawyers","description":"Personal Injury Lawyers","publisher":{"@id":"https:\/\/gvilaw.com\/es\/#organization"},"potentialAction":[{"@type":"SearchAction","target":{"@type":"EntryPoint","urlTemplate":"https:\/\/gvilaw.com\/es\/?s={search_term_string}"},"query-input":{"@type":"PropertyValueSpecification","valueRequired":true,"valueName":"search_term_string"}}],"inLanguage":"es"},{"@type":"Organization","@id":"https:\/\/gvilaw.com\/es\/#organization","name":"Glasheen, Valles & Inderman Injury Lawyers","alternateName":"GVILAW","url":"https:\/\/gvilaw.com\/es\/","logo":{"@type":"ImageObject","inLanguage":"es","@id":"https:\/\/gvilaw.com\/es\/#\/schema\/logo\/image\/","url":"https:\/\/gvilaw.com\/wp-content\/uploads\/2024\/03\/Logo_GVI-ENG-Shield-Blk.png","contentUrl":"https:\/\/gvilaw.com\/wp-content\/uploads\/2024\/03\/Logo_GVI-ENG-Shield-Blk.png","width":2792,"height":1802,"caption":"Glasheen, Valles & Inderman Injury Lawyers"},"image":{"@id":"https:\/\/gvilaw.com\/es\/#\/schema\/logo\/image\/"},"sameAs":["https:\/\/www.facebook.com\/GVILaw","https:\/\/x.com\/gvilaw","https:\/\/www.youtube.com\/user\/GlasheenLaw"],"legalName":"Glasheen, Valles & Inderman Injury Lawyers","foundingDate":"1994-01-01"}]}},"_links":{"self":[{"href":"https:\/\/gvilaw.com\/es\/wp-json\/wp\/v2\/pages\/18401","targetHints":{"allow":["GET"]}}],"collection":[{"href":"https:\/\/gvilaw.com\/es\/wp-json\/wp\/v2\/pages"}],"about":[{"href":"https:\/\/gvilaw.com\/es\/wp-json\/wp\/v2\/types\/page"}],"author":[{"embeddable":true,"href":"https:\/\/gvilaw.com\/es\/wp-json\/wp\/v2\/users\/26"}],"replies":[{"embeddable":true,"href":"https:\/\/gvilaw.com\/es\/wp-json\/wp\/v2\/comments?post=18401"}],"version-history":[{"count":0,"href":"https:\/\/gvilaw.com\/es\/wp-json\/wp\/v2\/pages\/18401\/revisions"}],"wp:featuredmedia":[{"embeddable":true,"href":"https:\/\/gvilaw.com\/es\/wp-json\/wp\/v2\/media\/21386"}],"wp:attachment":[{"href":"https:\/\/gvilaw.com\/es\/wp-json\/wp\/v2\/media?parent=18401"}],"curies":[{"name":"wp","href":"https:\/\/api.w.org\/{rel}","templated":true}]}}