{"id":21478,"date":"2024-11-07T14:16:01","date_gmt":"2024-11-07T20:16:01","guid":{"rendered":"https:\/\/gvilaw.com\/?page_id=21478"},"modified":"2025-08-19T16:16:16","modified_gmt":"2025-08-19T21:16:16","slug":"abogado-leyva","status":"publish","type":"page","link":"https:\/\/gvilaw.com\/es\/abogado-leyva\/","title":{"rendered":"Abogado Leyva | Abogado de lesiones personales"},"content":{"rendered":"<h1 style=\"text-align: left;\">Acerca de Abogado Leyva<\/h1>\n<hr \/>\n<p><a href=\"https:\/\/gvilaw.com\/es\/abogados\/pedro-leyva\/\">Pedro Leyva<\/a> es uno de los socios principales que maneja casos en todo Texas y Nuevo M\u00e9xico. Est\u00e1 comprometido a brindar justicia a los clientes que han sufrido una lesi\u00f3n que les cambi\u00f3 la vida debido a la negligencia de otra persona. Su experiencia en casos incluye lesiones catastr\u00f3ficas y casos de muerte injusta en campos petroleros y accidentes que involucran camiones de 18 ruedas y veh\u00edculos comerciales.<\/p>\n<p>Pedro ha sido primordial en la recuperaci\u00f3n de m\u00e1s de $200 millones de d\u00f3lares para sus clientes. Pedro aporta una ventaja t\u00e1ctica a sus casos de campos petroleros con conocimiento de primera mano despu\u00e9s de haber trabajado tanto en campos petroleros como en refiner\u00edas de aceite. La experiencia de Pedro le ayuda a comprender no s\u00f3lo c\u00f3mo ocurri\u00f3 una lesi\u00f3n grave o una muerte, sino tambi\u00e9n por qu\u00e9 ocurri\u00f3, para que las empresas puedan ser consideradas totalmente responsables.<\/p>\n<p>Pedro creci\u00f3 en la peque\u00f1a ciudad fronteriza de Presidio, Texas, en el oeste de Texas. Es hijo de inmigrantes mexicanos y creci\u00f3 hablando espa\u00f1ol como idioma principal. Pedro se gradu\u00f3 como Valedictorian de su clase en el 2009 de la High School de Presidio. Continu\u00f3 sus estudios en la Universidad de Texas, donde se gradu\u00f3 con una licenciatura en administraci\u00f3n de empresas. Despu\u00e9s de graduarse de la Universidad de Texas, Pedro trabaj\u00f3 para General Motors en su divisi\u00f3n de experiencia del cliente. Fue all\u00ed donde aprendi\u00f3 la invaluable importancia de las relaciones con los clientes.<\/p>\n<p>Despu\u00e9s, Pedro se gradu\u00f3 de la Facultad de Derecho de la Universidad de Texas Tech donde se gradu\u00f3 Summa Cum Laude, o \u201ccon los m\u00e1s altos honores\u201d. En enero de 2024, Pedro fue ascendido a Socio Principal de GVILAW. Thomas Reuters ha reconocido a Pedro como \u201cTexas Rising Star\u201d en 2023 y tambi\u00e9n en 2024, una lista exclusiva que honra solo al 2.5 por ciento de los abogados del estado cada a\u00f1o.<\/p>\n<p><img decoding=\"async\" class=\"wp-image-21024 alignnone\" src=\"https:\/\/gvilaw.com\/wp-content\/uploads\/2020\/02\/PL-Rising-Star-copy.png\" alt=\"\" width=\"192\" height=\"146\" srcset=\"https:\/\/gvilaw.com\/wp-content\/uploads\/2020\/02\/PL-Rising-Star-copy.png 526w, https:\/\/gvilaw.com\/wp-content\/uploads\/2020\/02\/PL-Rising-Star-copy-300x229.png 300w\" sizes=\"(max-width: 192px) 100vw, 192px\" \/> <img decoding=\"async\" class=\"alignnone wp-image-24892\" src=\"https:\/\/gvilaw.com\/wp-content\/uploads\/2020\/02\/24d672c0-38a9-4afd-bbbf-65fe7fd7cd30.png\" alt=\"\" width=\"353\" height=\"77\" srcset=\"https:\/\/gvilaw.com\/wp-content\/uploads\/2020\/02\/24d672c0-38a9-4afd-bbbf-65fe7fd7cd30.png 1000w, https:\/\/gvilaw.com\/wp-content\/uploads\/2020\/02\/24d672c0-38a9-4afd-bbbf-65fe7fd7cd30-300x65.png 300w, https:\/\/gvilaw.com\/wp-content\/uploads\/2020\/02\/24d672c0-38a9-4afd-bbbf-65fe7fd7cd30-768x167.png 768w, https:\/\/gvilaw.com\/wp-content\/uploads\/2020\/02\/24d672c0-38a9-4afd-bbbf-65fe7fd7cd30-200x44.png 200w, https:\/\/gvilaw.com\/wp-content\/uploads\/2020\/02\/24d672c0-38a9-4afd-bbbf-65fe7fd7cd30-800x174.png 800w\" sizes=\"(max-width: 353px) 100vw, 353px\" \/>\u00a0\u00a0<img decoding=\"async\" class=\"alignnone wp-image-21020 \" src=\"https:\/\/gvilaw.com\/wp-content\/uploads\/2020\/02\/PL-Avvo-Review-Rating-copy.png\" alt=\"\" width=\"194\" height=\"148\" srcset=\"https:\/\/gvilaw.com\/wp-content\/uploads\/2020\/02\/PL-Avvo-Review-Rating-copy.png 526w, https:\/\/gvilaw.com\/wp-content\/uploads\/2020\/02\/PL-Avvo-Review-Rating-copy-300x229.png 300w\" sizes=\"(max-width: 194px) 100vw, 194px\" \/> <img decoding=\"async\" class=\"alignnone wp-image-21101\" src=\"https:\/\/gvilaw.com\/wp-content\/uploads\/2024\/08\/Best-of-the-Basin-Generic-Logo.png\" alt=\"\" width=\"186\" height=\"186\" srcset=\"https:\/\/gvilaw.com\/wp-content\/uploads\/2024\/08\/Best-of-the-Basin-Generic-Logo.png 238w, https:\/\/gvilaw.com\/wp-content\/uploads\/2024\/08\/Best-of-the-Basin-Generic-Logo-150x150.png 150w\" sizes=\"(max-width: 186px) 100vw, 186px\" \/>\u00a0<img decoding=\"async\" class=\"alignnone wp-image-24904\" src=\"https:\/\/gvilaw.com\/wp-content\/uploads\/2025\/08\/Title-2.png\" alt=\"\" width=\"116\" height=\"169\" srcset=\"https:\/\/gvilaw.com\/wp-content\/uploads\/2025\/08\/Title-2.png 354w, https:\/\/gvilaw.com\/wp-content\/uploads\/2025\/08\/Title-2-206x300.png 206w, https:\/\/gvilaw.com\/wp-content\/uploads\/2025\/08\/Title-2-137x200.png 137w, https:\/\/gvilaw.com\/wp-content\/uploads\/2025\/08\/Title-2-274x400.png 274w\" sizes=\"(max-width: 116px) 100vw, 116px\" \/><\/p>\n<p>&nbsp;<\/p>\n<h1 style=\"text-align: left;\">Preguntale al Abogado | Pedro Leyva | Abogado de Lesiones Personales<\/h1>\n<hr \/>\n<p>Pedro Leyva es un abogado comprometido con la justicia. Con una trayectoria profesional de varios a\u00f1os, ha dedicado su carrera a representar a clientes que han sufrido lesiones graves en accidentes en campos petroleros y colisiones con camiones de 18 ruedas. En los videos a continuaci\u00f3n, Pedro responde a preguntas comunes sobre la ley de lesiones personales y comparte su experiencia en casos complejos.<\/p>\n<p>Si tiene m\u00e1s preguntas o desea discutir su caso, no dude en enviar su consulta a trav\u00e9s del formulario a la derecha, o si prefiere hablar directamente, ll\u00e1menos al <a href=\"tel:8664922509\">866-492-2509<\/a>. <a href=\"https:\/\/gvilaw.com\/es\/\">Glasheen, Valles y Inderman Injury Lawyers<\/a> est\u00e1 aqu\u00ed para ayudarlo en cada paso del camino.<\/p>\n<h3 style=\"text-align: center;\"><img decoding=\"async\" class=\"alignnone wp-image-21603 \" src=\"https:\/\/gvilaw.com\/wp-content\/uploads\/2024\/11\/No-photo-description-available_-e1731084640861.png\" alt=\"\" width=\"106\" height=\"106\" srcset=\"https:\/\/gvilaw.com\/wp-content\/uploads\/2024\/11\/No-photo-description-available_-e1731084640861.png 499w, https:\/\/gvilaw.com\/wp-content\/uploads\/2024\/11\/No-photo-description-available_-e1731084640861-300x300.png 300w, https:\/\/gvilaw.com\/wp-content\/uploads\/2024\/11\/No-photo-description-available_-e1731084640861-150x150.png 150w\" sizes=\"(max-width: 106px) 100vw, 106px\" \/><strong>Como visto en la televisi\u00f3n<\/strong><\/h3>\n<h1>Las oficinas de Glasheen, Valles &amp; Inderman Abogados de Lesiones Personales<\/h1>\n<hr \/>\n<p>&nbsp;<\/p>\n<p style=\"text-align: center;\"><a href=\"https:\/\/gvilaw.com\/es\/nuestras-oficinas\/hobbs\/\"><img decoding=\"async\" class=\"alignnone wp-image-21354\" src=\"https:\/\/gvilaw.com\/wp-content\/uploads\/2024\/09\/HBB.png\" alt=\"\" width=\"222\" height=\"222\" srcset=\"https:\/\/gvilaw.com\/wp-content\/uploads\/2024\/09\/HBB.png 500w, https:\/\/gvilaw.com\/wp-content\/uploads\/2024\/09\/HBB-300x300.png 300w, https:\/\/gvilaw.com\/wp-content\/uploads\/2024\/09\/HBB-150x150.png 150w\" sizes=\"(max-width: 222px) 100vw, 222px\" \/><\/a> \u00a0 <a href=\"https:\/\/gvilaw.com\/es\/nuestras-oficinas\/odessa\/\"><img decoding=\"async\" class=\"alignnone wp-image-21358\" src=\"https:\/\/gvilaw.com\/wp-content\/uploads\/2024\/09\/ODA.png\" alt=\"\" width=\"222\" height=\"222\" srcset=\"https:\/\/gvilaw.com\/wp-content\/uploads\/2024\/09\/ODA.png 500w, https:\/\/gvilaw.com\/wp-content\/uploads\/2024\/09\/ODA-300x300.png 300w, https:\/\/gvilaw.com\/wp-content\/uploads\/2024\/09\/ODA-150x150.png 150w\" sizes=\"(max-width: 222px) 100vw, 222px\" \/><\/a>\u00a0 \u00a0<a href=\"https:\/\/gvilaw.com\/es\/nuestras-oficinas\/lubbock\/\"><img decoding=\"async\" class=\"alignnone wp-image-21356\" src=\"https:\/\/gvilaw.com\/wp-content\/uploads\/2024\/09\/LBB.png\" alt=\"\" width=\"222\" height=\"222\" srcset=\"https:\/\/gvilaw.com\/wp-content\/uploads\/2024\/09\/LBB.png 500w, https:\/\/gvilaw.com\/wp-content\/uploads\/2024\/09\/LBB-300x300.png 300w, https:\/\/gvilaw.com\/wp-content\/uploads\/2024\/09\/LBB-150x150.png 150w\" sizes=\"(max-width: 222px) 100vw, 222px\" \/><\/a><\/p>\n","protected":false},"excerpt":{"rendered":"<p>Acerca de Abogado Leyva Pedro Leyva es uno de los socios principales que maneja casos en todo Texas y Nuevo <span class=\"read-more\">&#8230;<\/span><\/p>\n","protected":false},"author":26,"featured_media":19596,"parent":0,"menu_order":23,"comment_status":"closed","ping_status":"closed","template":"","meta":{"_acf_changed":false,"footnotes":""},"class_list":["post-21478","page","type-page","status-publish","has-post-thumbnail","hentry"],"acf":[],"yoast_head":"<!-- This site is optimized with the Yoast SEO Premium plugin v27.3 (Yoast SEO v27.4) - https:\/\/yoast.com\/product\/yoast-seo-premium-wordpress\/ -->\n<title>Abogado Leyva | Abogado de lesiones personales - Glasheen, Valles &amp; Inderman<\/title>\n<meta name=\"description\" content=\"El Abogado Leyva es uno de los socios principales de la firma y se especializa en casos de lesiones catastr\u00f3ficas y muerte por negligencia.\" \/>\n<meta name=\"robots\" content=\"index, follow, max-snippet:-1, max-image-preview:large, max-video-preview:-1\" \/>\n<link rel=\"canonical\" href=\"https:\/\/gvilaw.com\/es\/abogado-leyva\/\" \/>\n<meta property=\"og:locale\" content=\"es_ES\" \/>\n<meta property=\"og:type\" content=\"article\" \/>\n<meta property=\"og:title\" content=\"Abogado Leyva | Abogado de lesiones personales\" \/>\n<meta property=\"og:description\" content=\"El Abogado Leyva es uno de los socios principales de la firma y se especializa en casos de lesiones catastr\u00f3ficas y muerte por negligencia.\" \/>\n<meta property=\"og:url\" content=\"https:\/\/gvilaw.com\/es\/abogado-leyva\/\" \/>\n<meta property=\"og:site_name\" content=\"Glasheen, Valles &amp; Inderman\" \/>\n<meta property=\"article:publisher\" content=\"https:\/\/www.facebook.com\/GVILaw\" \/>\n<meta property=\"article:modified_time\" content=\"2025-08-19T21:16:16+00:00\" \/>\n<meta property=\"og:image\" content=\"https:\/\/gvilaw.com\/wp-content\/uploads\/2020\/02\/PedroLeyva-2023-profile.png\" \/>\n\t<meta property=\"og:image:width\" content=\"662\" \/>\n\t<meta property=\"og:image:height\" content=\"750\" \/>\n\t<meta property=\"og:image:type\" content=\"image\/png\" \/>\n<meta name=\"twitter:card\" content=\"summary_large_image\" \/>\n<meta name=\"twitter:site\" content=\"@gvilaw\" \/>\n<meta name=\"twitter:label1\" content=\"Tiempo de lectura\" \/>\n\t<meta name=\"twitter:data1\" content=\"5 minutos\" \/>\n<script type=\"application\/ld+json\" class=\"yoast-schema-graph\">{\"@context\":\"https:\\\/\\\/schema.org\",\"@graph\":[{\"@type\":\"WebPage\",\"@id\":\"https:\\\/\\\/gvilaw.com\\\/es\\\/abogado-leyva\\\/\",\"url\":\"https:\\\/\\\/gvilaw.com\\\/es\\\/abogado-leyva\\\/\",\"name\":\"Abogado Leyva | Abogado de lesiones personales - Glasheen, Valles &amp; Inderman\",\"isPartOf\":{\"@id\":\"https:\\\/\\\/gvilaw.com\\\/es\\\/#website\"},\"primaryImageOfPage\":{\"@id\":\"https:\\\/\\\/gvilaw.com\\\/es\\\/abogado-leyva\\\/#primaryimage\"},\"image\":{\"@id\":\"https:\\\/\\\/gvilaw.com\\\/es\\\/abogado-leyva\\\/#primaryimage\"},\"thumbnailUrl\":\"https:\\\/\\\/gvilaw.com\\\/wp-content\\\/uploads\\\/2020\\\/02\\\/PedroLeyva-2023-profile.png\",\"datePublished\":\"2024-11-07T20:16:01+00:00\",\"dateModified\":\"2025-08-19T21:16:16+00:00\",\"description\":\"El Abogado Leyva es uno de los socios principales de la firma y se especializa en casos de lesiones catastr\u00f3ficas y muerte por negligencia.\",\"breadcrumb\":{\"@id\":\"https:\\\/\\\/gvilaw.com\\\/es\\\/abogado-leyva\\\/#breadcrumb\"},\"inLanguage\":\"es\",\"potentialAction\":[{\"@type\":\"ReadAction\",\"target\":[\"https:\\\/\\\/gvilaw.com\\\/es\\\/abogado-leyva\\\/\"]}]},{\"@type\":\"ImageObject\",\"inLanguage\":\"es\",\"@id\":\"https:\\\/\\\/gvilaw.com\\\/es\\\/abogado-leyva\\\/#primaryimage\",\"url\":\"https:\\\/\\\/gvilaw.com\\\/wp-content\\\/uploads\\\/2020\\\/02\\\/PedroLeyva-2023-profile.png\",\"contentUrl\":\"https:\\\/\\\/gvilaw.com\\\/wp-content\\\/uploads\\\/2020\\\/02\\\/PedroLeyva-2023-profile.png\",\"width\":662,\"height\":750},{\"@type\":\"BreadcrumbList\",\"@id\":\"https:\\\/\\\/gvilaw.com\\\/es\\\/abogado-leyva\\\/#breadcrumb\",\"itemListElement\":[{\"@type\":\"ListItem\",\"position\":1,\"name\":\"P\u00e1gina de inicio\",\"item\":\"https:\\\/\\\/gvilaw.com\\\/es\\\/\"},{\"@type\":\"ListItem\",\"position\":2,\"name\":\"Abogado Leyva | Abogado de lesiones personales\"}]},{\"@type\":\"WebSite\",\"@id\":\"https:\\\/\\\/gvilaw.com\\\/es\\\/#website\",\"url\":\"https:\\\/\\\/gvilaw.com\\\/es\\\/\",\"name\":\"Glasheen, Valles & Inderman Injury Lawyers\",\"description\":\"Personal Injury Lawyers\",\"publisher\":{\"@id\":\"https:\\\/\\\/gvilaw.com\\\/es\\\/#organization\"},\"potentialAction\":[{\"@type\":\"SearchAction\",\"target\":{\"@type\":\"EntryPoint\",\"urlTemplate\":\"https:\\\/\\\/gvilaw.com\\\/es\\\/?s={search_term_string}\"},\"query-input\":{\"@type\":\"PropertyValueSpecification\",\"valueRequired\":true,\"valueName\":\"search_term_string\"}}],\"inLanguage\":\"es\"},{\"@type\":\"Organization\",\"@id\":\"https:\\\/\\\/gvilaw.com\\\/es\\\/#organization\",\"name\":\"Glasheen, Valles & Inderman Injury Lawyers\",\"alternateName\":\"GVILAW\",\"url\":\"https:\\\/\\\/gvilaw.com\\\/es\\\/\",\"logo\":{\"@type\":\"ImageObject\",\"inLanguage\":\"es\",\"@id\":\"https:\\\/\\\/gvilaw.com\\\/es\\\/#\\\/schema\\\/logo\\\/image\\\/\",\"url\":\"https:\\\/\\\/gvilaw.com\\\/wp-content\\\/uploads\\\/2024\\\/03\\\/Logo_GVI-ENG-Shield-Blk.png\",\"contentUrl\":\"https:\\\/\\\/gvilaw.com\\\/wp-content\\\/uploads\\\/2024\\\/03\\\/Logo_GVI-ENG-Shield-Blk.png\",\"width\":2792,\"height\":1802,\"caption\":\"Glasheen, Valles & Inderman Injury Lawyers\"},\"image\":{\"@id\":\"https:\\\/\\\/gvilaw.com\\\/es\\\/#\\\/schema\\\/logo\\\/image\\\/\"},\"sameAs\":[\"https:\\\/\\\/www.facebook.com\\\/GVILaw\",\"https:\\\/\\\/x.com\\\/gvilaw\",\"https:\\\/\\\/www.youtube.com\\\/user\\\/GlasheenLaw\"],\"legalName\":\"Glasheen, Valles & Inderman Injury Lawyers\",\"foundingDate\":\"1994-01-01\"}]}<\/script>\n<!-- \/ Yoast SEO Premium plugin. -->","yoast_head_json":{"title":"Abogado Leyva | Abogado de lesiones personales - Glasheen, Valles &amp; Inderman","description":"El Abogado Leyva es uno de los socios principales de la firma y se especializa en casos de lesiones catastr\u00f3ficas y muerte por negligencia.","robots":{"index":"index","follow":"follow","max-snippet":"max-snippet:-1","max-image-preview":"max-image-preview:large","max-video-preview":"max-video-preview:-1"},"canonical":"https:\/\/gvilaw.com\/es\/abogado-leyva\/","og_locale":"es_ES","og_type":"article","og_title":"Abogado Leyva | Abogado de lesiones personales","og_description":"El Abogado Leyva es uno de los socios principales de la firma y se especializa en casos de lesiones catastr\u00f3ficas y muerte por negligencia.","og_url":"https:\/\/gvilaw.com\/es\/abogado-leyva\/","og_site_name":"Glasheen, Valles &amp; Inderman","article_publisher":"https:\/\/www.facebook.com\/GVILaw","article_modified_time":"2025-08-19T21:16:16+00:00","og_image":[{"width":662,"height":750,"url":"https:\/\/gvilaw.com\/wp-content\/uploads\/2020\/02\/PedroLeyva-2023-profile.png","type":"image\/png"}],"twitter_card":"summary_large_image","twitter_site":"@gvilaw","twitter_misc":{"Tiempo de lectura":"5 minutos"},"schema":{"@context":"https:\/\/schema.org","@graph":[{"@type":"WebPage","@id":"https:\/\/gvilaw.com\/es\/abogado-leyva\/","url":"https:\/\/gvilaw.com\/es\/abogado-leyva\/","name":"Abogado Leyva | Abogado de lesiones personales - Glasheen, Valles &amp; Inderman","isPartOf":{"@id":"https:\/\/gvilaw.com\/es\/#website"},"primaryImageOfPage":{"@id":"https:\/\/gvilaw.com\/es\/abogado-leyva\/#primaryimage"},"image":{"@id":"https:\/\/gvilaw.com\/es\/abogado-leyva\/#primaryimage"},"thumbnailUrl":"https:\/\/gvilaw.com\/wp-content\/uploads\/2020\/02\/PedroLeyva-2023-profile.png","datePublished":"2024-11-07T20:16:01+00:00","dateModified":"2025-08-19T21:16:16+00:00","description":"El Abogado Leyva es uno de los socios principales de la firma y se especializa en casos de lesiones catastr\u00f3ficas y muerte por negligencia.","breadcrumb":{"@id":"https:\/\/gvilaw.com\/es\/abogado-leyva\/#breadcrumb"},"inLanguage":"es","potentialAction":[{"@type":"ReadAction","target":["https:\/\/gvilaw.com\/es\/abogado-leyva\/"]}]},{"@type":"ImageObject","inLanguage":"es","@id":"https:\/\/gvilaw.com\/es\/abogado-leyva\/#primaryimage","url":"https:\/\/gvilaw.com\/wp-content\/uploads\/2020\/02\/PedroLeyva-2023-profile.png","contentUrl":"https:\/\/gvilaw.com\/wp-content\/uploads\/2020\/02\/PedroLeyva-2023-profile.png","width":662,"height":750},{"@type":"BreadcrumbList","@id":"https:\/\/gvilaw.com\/es\/abogado-leyva\/#breadcrumb","itemListElement":[{"@type":"ListItem","position":1,"name":"P\u00e1gina de inicio","item":"https:\/\/gvilaw.com\/es\/"},{"@type":"ListItem","position":2,"name":"Abogado Leyva | Abogado de lesiones personales"}]},{"@type":"WebSite","@id":"https:\/\/gvilaw.com\/es\/#website","url":"https:\/\/gvilaw.com\/es\/","name":"Glasheen, Valles & Inderman Injury Lawyers","description":"Personal Injury Lawyers","publisher":{"@id":"https:\/\/gvilaw.com\/es\/#organization"},"potentialAction":[{"@type":"SearchAction","target":{"@type":"EntryPoint","urlTemplate":"https:\/\/gvilaw.com\/es\/?s={search_term_string}"},"query-input":{"@type":"PropertyValueSpecification","valueRequired":true,"valueName":"search_term_string"}}],"inLanguage":"es"},{"@type":"Organization","@id":"https:\/\/gvilaw.com\/es\/#organization","name":"Glasheen, Valles & Inderman Injury Lawyers","alternateName":"GVILAW","url":"https:\/\/gvilaw.com\/es\/","logo":{"@type":"ImageObject","inLanguage":"es","@id":"https:\/\/gvilaw.com\/es\/#\/schema\/logo\/image\/","url":"https:\/\/gvilaw.com\/wp-content\/uploads\/2024\/03\/Logo_GVI-ENG-Shield-Blk.png","contentUrl":"https:\/\/gvilaw.com\/wp-content\/uploads\/2024\/03\/Logo_GVI-ENG-Shield-Blk.png","width":2792,"height":1802,"caption":"Glasheen, Valles & Inderman Injury Lawyers"},"image":{"@id":"https:\/\/gvilaw.com\/es\/#\/schema\/logo\/image\/"},"sameAs":["https:\/\/www.facebook.com\/GVILaw","https:\/\/x.com\/gvilaw","https:\/\/www.youtube.com\/user\/GlasheenLaw"],"legalName":"Glasheen, Valles & Inderman Injury Lawyers","foundingDate":"1994-01-01"}]}},"_links":{"self":[{"href":"https:\/\/gvilaw.com\/es\/wp-json\/wp\/v2\/pages\/21478","targetHints":{"allow":["GET"]}}],"collection":[{"href":"https:\/\/gvilaw.com\/es\/wp-json\/wp\/v2\/pages"}],"about":[{"href":"https:\/\/gvilaw.com\/es\/wp-json\/wp\/v2\/types\/page"}],"author":[{"embeddable":true,"href":"https:\/\/gvilaw.com\/es\/wp-json\/wp\/v2\/users\/26"}],"replies":[{"embeddable":true,"href":"https:\/\/gvilaw.com\/es\/wp-json\/wp\/v2\/comments?post=21478"}],"version-history":[{"count":0,"href":"https:\/\/gvilaw.com\/es\/wp-json\/wp\/v2\/pages\/21478\/revisions"}],"wp:featuredmedia":[{"embeddable":true,"href":"https:\/\/gvilaw.com\/es\/wp-json\/wp\/v2\/media\/19596"}],"wp:attachment":[{"href":"https:\/\/gvilaw.com\/es\/wp-json\/wp\/v2\/media?parent=21478"}],"curies":[{"name":"wp","href":"https:\/\/api.w.org\/{rel}","templated":true}]}}