{"id":7818,"date":"2013-10-17T21:19:18","date_gmt":"2013-10-17T21:19:18","guid":{"rendered":"https:\/\/gvilaw.wpengine.com\/awards-recognition\/"},"modified":"2022-11-28T21:39:20","modified_gmt":"2022-11-29T03:39:20","slug":"reconocimiento-de-premios","status":"publish","type":"page","link":"https:\/\/gvilaw.com\/es\/sobre-la-firma\/reconocimiento-de-premios\/","title":{"rendered":"Awards &#038; Reconocimiento"},"content":{"rendered":"<p>Nuestros abogados han construido una tradici\u00f3n de ser defensores en la sala de audiencias y en la comunidad. Los premios que se enumeran a continuaci\u00f3n no s\u00f3lo capturan nuestra dedicaci\u00f3n y servicio a nuestros clientes pero ilustran nuestro compromiso con la excelencia en lesiones personales.<\/p>\n<div class=\"grid-x grid-margin-x\" style=\"margin-top: 30px; padding-top: 60px; border-top: 2px solid;\">\n<div class=\"cell small-11 medium-3\">\n<p><img decoding=\"async\" class=\"alignleft size-full wp-image-5562\" src=\"https:\/\/gvilaw.com\/wp-content\/uploads\/2020\/11\/Board-Certified-Texas-Board-of-Legal-Specialization-Logo_2.svg\" alt=\"board certified\" width=\"970\" height=\"400\" \/><\/p>\n<\/div>\n<div class=\"cell small-11 medium-9\">\n<h3>Certificado en juicio ley de lesiones personales &amp; Ley de juicio civil<\/h3>\n<p>Desde 1997, Kevin Glasheen ha sido un abogado certificado en la ley de lesiones personales y la ley del proceso civil. Menos de 10% de abogados con licencia son certificados por la Junta. Abogados certificados de Junta ganan el derecho de representarse a s\u00ed mismos p\u00fablicamente como especialista en un \u00e1rea de selecci\u00f3n de la ley, y los \u00fanicos que pueden hacerlo.<\/p>\n<p>Certificaci\u00f3n s\u00f3lo puede tener lugar despu\u00e9s de que el abogado ha sido licenciado por cinco a\u00f1os con un m\u00ednimo de tres a\u00f1os de experiencia en el \u00e1rea de especialidad. Tambi\u00e9n requiere la participaci\u00f3n continua en el \u00e1rea de especialidad que peri\u00f3dicamente se fundamenta con las referencias de sus compa\u00f1eros en ese campo. Por \u00faltimo, se requiere refresco profesional anual a trav\u00e9s de Texas-Junta-de-legal-especializaci\u00f3n aprobados, trabajo de curso educaci\u00f3n legal continua para mantenerse al tanto de las tendencias actuales en el derecho.<\/p>\n<\/div>\n<\/div>\n<div class=\"grid-x grid-margin-x\" style=\"margin-top: 30px; padding-top: 60px; border-top: 2px solid;\">\n<div class=\"cell small-11 medium-3\">\n<p><img decoding=\"async\" class=\"alignleft size-full wp-image-5563\" src=\"https:\/\/gvilaw.com\/wp-content\/uploads\/2020\/11\/Super-Lawyers-Kevin-Glasheen_2.svg\" alt=\"superlawyers2\" width=\"864\" height=\"400\" \/><\/p>\n<\/div>\n<div class=\"cell small-11 medium-9\">\n<h3>Super abogados de Texas<\/h3>\n<p>Super Abogados es un servicio de calificaci\u00f3n de destacados abogados de m\u00e1s de 70 \u00e1reas de pr\u00e1ctica que han alcanzado un alto grado de reconocimiento entre pares y el logro profesional. El proceso de selecci\u00f3n incluye investigaci\u00f3n independiente, nominaciones de compa\u00f1eros, logro profesional, y las evaluaciones por pares.<\/p>\n<p>Kevin Glasheen ha sido reconocido como un S\u00faper Abogado de Texas continuamente desde 2004.\u00a0<a href=\"http:\/\/www.superlawyers.com\/texas\/lawyer\/Kevin-T-Glasheen\/210719a3-c983-49fd-a4e4-ea3daed8a29d.html\" target=\"_blank\" rel=\"nofollow noopener noreferrer\">Kevin Glasheen perfil en SuperLawyers.com<\/a><\/p>\n<\/div>\n<\/div>\n<div class=\"grid-x grid-margin-x\" style=\"margin-top: 30px; padding-top: 60px; border-top: 2px solid;\">\n<div class=\"cell small-11 medium-3\">\n<p><img decoding=\"async\" class=\"alignleft size-full wp-image-5565\" src=\"https:\/\/gvilaw.com\/wp-content\/uploads\/2020\/11\/Rising-Stars-Logo-Chad-and-Jason-2012-2019.svg\" alt=\"superlawyers3\" width=\"708\" height=\"400\" \/><\/p>\n<\/div>\n<div class=\"cell small-11 medium-9\">\n<h3>Super abogado de Texas Rising Stars<\/h3>\n<p>Chad Inderman y Jason Medina han sido reconocidos como abogado de Texas Super Rising Stars desde 2012. Abogado Jon Clark tambi\u00e9n fue reconocido como una estrella en ascenso en 2017. La lista de abogados de Thomson Reuters Rising Stars identifica s\u00f3lo 2.5% de j\u00f3venes abogados bajo 40 en Texas. Haga clic a continuaci\u00f3n para descargar cada uno de los perfiles de Texas Super abogado Rising Stars:<br \/>\n<a href=\"http:\/\/www.superlawyers.com\/texas\/lawyer\/Chad-D-Inderman\/5a15acab-2245-4935-a139-f339c6421b61.html\" target=\"_blank\" rel=\"nofollow noopener noreferrer\">Chad Inderman perfil en SuperLawyers.com<\/a><br \/>\n<a href=\"http:\/\/www.superlawyers.com\/texas\/lawyer\/Jason-M-Medina\/0fa61809-855c-4e7b-9846-184a37a58955.html\" target=\"_blank\" rel=\"nofollow noopener noreferrer\">Perfil de Jason Medina en SuperLawyers.com<\/a><\/p>\n<\/div>\n<\/div>\n<div class=\"grid-x grid-margin-x\" style=\"margin-top: 30px; padding-top: 60px; border-top: 2px solid;\">\n<div class=\"cell small-11 medium-3\">\n<p><img decoding=\"async\" class=\"aligncenter wp-image-18559\" role=\"img\" src=\"https:\/\/gvilaw.com\/wp-content\/uploads\/2020\/11\/Million-Dollar-Advocates-Forum-Logo-Kevin-Glasheen.svg\" alt=\"Million Dollar Advocates Forum Logo - Kevin Glasheen\" width=\"180\" height=\"204\" \/><\/p>\n<\/div>\n<div class=\"cell small-11 medium-9\">\n<h3>Foro de abogados de millones de d\u00f3lares<\/h3>\n<p>La membres\u00eda en el Foro Millones de D\u00f3lares se limita s\u00f3lo a aquellos abogados que han ganado millones de d\u00f3lares veredictos o asentamientos. Seg\u00fan su p\u00e1gina web, menos de 1% de abogados en los Estados Unidos son miembros, lo que es uno de los m\u00e1s prestigiosos grupos de abogados litigantes en los Estados Unidos. Cada miembro ha demostrado, en una forma objetiva y tangible, su capacidad de lograr resultados superiores en casos complejos.<br \/>\n<a href=\"https:\/\/www.milliondollaradvocates.com\/\" target=\"_blank\" rel=\"nofollow noopener noreferrer\">Haga clic para ver el directorio de millones de d\u00f3lares aboga por foro<\/a><\/p>\n<\/div>\n<\/div>\n<div class=\"grid-x grid-margin-x\" style=\"margin-top: 30px; padding-top: 60px; border-top: 2px solid;\">\n<div class=\"cell small-11 medium-3\">\n<p><img decoding=\"async\" class=\"alignleft size-full wp-image-5545\" src=\"https:\/\/gvilaw.com\/wp-content\/uploads\/2020\/11\/AV-Rated-Preeminent-Logo.svg\" alt=\"av_martindale-hubbell\" width=\"598\" height=\"625\" \/><\/p>\n<\/div>\n<div class=\"cell small-11 medium-9\">\n<h3>AV de Martindale-Hubbell-abogados preeminentes<\/h3>\n<p>Clasificaci\u00f3n AV preeminente de Martindale-Hubbell es el grado m\u00e1s alto que un abogado puede recibir para la capacidad y \u00e9tica legal. La calificaci\u00f3n significa que el abogado ha alcanzado las alturas de la excelencia profesional. El debajo de abogados tienen calificaciones AV preeminente. Haz clic en cada perfil para ver su reconocimiento de Martindale-Hubbell:<br \/>\n<a href=\"http:\/\/www.martindale.com\/Kevin-T-Glasheen\/1694341-lawyer.htm\" target=\"_blank\" rel=\"nofollow noopener noreferrer\">Kevin Glasheen<\/a><br \/>\n<a href=\"http:\/\/www.martindale.com\/Chad-Inderman\/3402675-lawyer.htm\" target=\"_blank\" rel=\"nofollow noopener noreferrer\">Chad Inderman<\/a><br \/>\n<a href=\"http:\/\/www.martindale.com\/Jason-M-Medina\/3402676-lawyer.htm\" target=\"_blank\" rel=\"nofollow noopener noreferrer\">Jason Medina<\/a><\/p>\n<\/div>\n<\/div>\n<div class=\"grid-x grid-padding-x\" style=\"margin-top: 30px; padding-top: 60px; border-top: 2px solid;\">\n<div class=\"cell small-12 medium-3\">\n<p><img decoding=\"async\" class=\"wp-image-7130 alignleft\" src=\"https:\/\/gvilaw.com\/wp-content\/uploads\/2020\/06\/best-west.jpg\" alt=\"Best of the West\" width=\"245\" height=\"113\" \/><\/p>\n<\/div>\n<div class=\"cell cell small-12 medium-9\">\n<h3>Mejor de la firma West mejor<\/h3>\n<p>Televidentes del canal KCBD 11 han votado Glasheen, Valles &amp; Inderman como la mejor firma de abogados continuamente desde 2011. Para ver los resultados de la encuesta clic de los espectadores KCBD los siguientes enlaces<br \/>\n<a href=\"https:\/\/www.kcbd.com\/2020\/01\/08\/best-west-winners\/\" target=\"_blank\" rel=\"nofollow noopener noreferrer\">Best of the West 2020 Mejor firma de abogados<\/a><br \/>\n<a href=\"http:\/\/www.kcbd.com\/2018\/10\/16\/best-west\/\" target=\"_blank\" rel=\"nofollow noopener noreferrer\">Best of the West 2019 Mejor firma de abogados<\/a><br \/>\n<a href=\"http:\/\/www.kcbd.com\/story\/34246743\/best-of-the-west-2017-service-winners\" target=\"_blank\" rel=\"nofollow noopener noreferrer\">Best of the West 2017 Mejor firma de abogados<\/a><br \/>\n<a href=\"http:\/\/www.kcbd.com\/story\/30935353\/best-of-the-west-2016-service-winners\" target=\"_blank\" rel=\"nofollow noopener noreferrer\">Best of the West 2016 Mejor firma de abogados<\/a><br \/>\n<a href=\"http:\/\/www.kcbd.com\/story\/27774436\/best-of-the-west-2015-service-winners\" target=\"_blank\" rel=\"nofollow noopener noreferrer\">Best of the West 2015 Mejor firma de abogados<\/a><br \/>\n<a href=\"http:\/\/www.kcbd.com\/story\/24501830\/best-of-the-west-2014-service-winners\" target=\"_blank\" rel=\"nofollow noopener noreferrer\">Best of the West 2014 Mejor firma de abogados<\/a><br \/>\n<a href=\"http:\/\/www.kcbd.com\/story\/20553373\/best-of-the-west-2013-service-winners\" target=\"_blank\" rel=\"nofollow noopener noreferrer\">Best of the West 2013 Mejor firma de abogados<\/a><br \/>\n<a href=\"http:\/\/www.kcbd.com\/story\/16652844\/best-of-the-west-2012-service-winners\" target=\"_blank\" rel=\"nofollow noopener noreferrer\">Best of the West 2012 Mejor firma de abogados<\/a><br \/>\n<a href=\"http:\/\/www.kcbd.com\/story\/13787910\/best-of-the-west-2011-service-winners\" target=\"_blank\" rel=\"nofollow noopener noreferrer\">Best of the West 2011 Mejor firma de abogados<\/a><br \/>\n<a href=\"http:\/\/www.kcbd.com\/story\/9708301\/best-of-the-west-2009-service-winners\" target=\"_blank\" rel=\"nofollow noopener noreferrer\">Best of the West 2009 Mejor firma de abogados<\/a><\/p>\n<\/div>\n<\/div>\n","protected":false},"excerpt":{"rendered":"<p>Nuestros abogados han construido una tradici\u00f3n de ser defensores en la sala de audiencias y en la comunidad. Los premios <span class=\"read-more\">&#8230;<\/span><\/p>\n","protected":false},"author":6,"featured_media":0,"parent":7821,"menu_order":0,"comment_status":"closed","ping_status":"closed","template":"","meta":{"_acf_changed":false,"footnotes":""},"class_list":["post-7818","page","type-page","status-publish","hentry"],"acf":[],"yoast_head":"<!-- This site is optimized with the Yoast SEO Premium plugin v27.2 (Yoast SEO v27.3) - https:\/\/yoast.com\/product\/yoast-seo-premium-wordpress\/ -->\n<title>Awards &amp; Reconocimiento - Glasheen, Valles &amp; Inderman<\/title>\n<meta name=\"description\" content=\"Nuestra firma y los abogados son reconocidos anualmente como Texas Monthly Super Lawyers, Best Of The West In Lubbock, y por otras organizaciones prestigiosas.\" \/>\n<meta name=\"robots\" content=\"index, follow, max-snippet:-1, max-image-preview:large, max-video-preview:-1\" \/>\n<link rel=\"canonical\" href=\"https:\/\/gvilaw.com\/es\/sobre-la-firma\/reconocimiento-de-premios\/\" \/>\n<meta property=\"og:locale\" content=\"es_ES\" \/>\n<meta property=\"og:type\" content=\"article\" \/>\n<meta property=\"og:title\" content=\"Awards &amp; Reconocimiento\" \/>\n<meta property=\"og:description\" content=\"Nuestra firma y los abogados son reconocidos anualmente como Texas Monthly Super Lawyers, Best Of The West In Lubbock, y por otras organizaciones prestigiosas.\" \/>\n<meta property=\"og:url\" content=\"https:\/\/gvilaw.com\/es\/sobre-la-firma\/reconocimiento-de-premios\/\" \/>\n<meta property=\"og:site_name\" content=\"Glasheen, Valles &amp; Inderman\" \/>\n<meta property=\"article:publisher\" content=\"https:\/\/www.facebook.com\/GVILaw\" \/>\n<meta property=\"article:modified_time\" content=\"2022-11-29T03:39:20+00:00\" \/>\n<meta property=\"og:image\" content=\"https:\/\/gvilaw.com\/wp-content\/uploads\/2020\/11\/Board-Certified-Texas-Board-of-Legal-Specialization-Logo_2.svg\" \/>\n<meta name=\"twitter:card\" content=\"summary_large_image\" \/>\n<meta name=\"twitter:site\" content=\"@gvilaw\" \/>\n<meta name=\"twitter:label1\" content=\"Tiempo de lectura\" \/>\n\t<meta name=\"twitter:data1\" content=\"5 minutos\" \/>\n<script type=\"application\/ld+json\" class=\"yoast-schema-graph\">{\"@context\":\"https:\\\/\\\/schema.org\",\"@graph\":[{\"@type\":\"WebPage\",\"@id\":\"https:\\\/\\\/gvilaw.com\\\/es\\\/sobre-la-firma\\\/reconocimiento-de-premios\\\/\",\"url\":\"https:\\\/\\\/gvilaw.com\\\/es\\\/sobre-la-firma\\\/reconocimiento-de-premios\\\/\",\"name\":\"Awards & Reconocimiento - Glasheen, Valles &amp; Inderman\",\"isPartOf\":{\"@id\":\"https:\\\/\\\/gvilaw.com\\\/es\\\/#website\"},\"primaryImageOfPage\":{\"@id\":\"https:\\\/\\\/gvilaw.com\\\/es\\\/sobre-la-firma\\\/reconocimiento-de-premios\\\/#primaryimage\"},\"image\":{\"@id\":\"https:\\\/\\\/gvilaw.com\\\/es\\\/sobre-la-firma\\\/reconocimiento-de-premios\\\/#primaryimage\"},\"thumbnailUrl\":\"https:\\\/\\\/gvilaw.com\\\/wp-content\\\/uploads\\\/2020\\\/11\\\/Board-Certified-Texas-Board-of-Legal-Specialization-Logo_2.svg\",\"datePublished\":\"2013-10-17T21:19:18+00:00\",\"dateModified\":\"2022-11-29T03:39:20+00:00\",\"description\":\"Nuestra firma y los abogados son reconocidos anualmente como Texas Monthly Super Lawyers, Best Of The West In Lubbock, y por otras organizaciones prestigiosas.\",\"breadcrumb\":{\"@id\":\"https:\\\/\\\/gvilaw.com\\\/es\\\/sobre-la-firma\\\/reconocimiento-de-premios\\\/#breadcrumb\"},\"inLanguage\":\"es\",\"potentialAction\":[{\"@type\":\"ReadAction\",\"target\":[\"https:\\\/\\\/gvilaw.com\\\/es\\\/sobre-la-firma\\\/reconocimiento-de-premios\\\/\"]}]},{\"@type\":\"ImageObject\",\"inLanguage\":\"es\",\"@id\":\"https:\\\/\\\/gvilaw.com\\\/es\\\/sobre-la-firma\\\/reconocimiento-de-premios\\\/#primaryimage\",\"url\":\"https:\\\/\\\/gvilaw.com\\\/wp-content\\\/uploads\\\/2020\\\/11\\\/Board-Certified-Texas-Board-of-Legal-Specialization-Logo_2.svg\",\"contentUrl\":\"https:\\\/\\\/gvilaw.com\\\/wp-content\\\/uploads\\\/2020\\\/11\\\/Board-Certified-Texas-Board-of-Legal-Specialization-Logo_2.svg\"},{\"@type\":\"BreadcrumbList\",\"@id\":\"https:\\\/\\\/gvilaw.com\\\/es\\\/sobre-la-firma\\\/reconocimiento-de-premios\\\/#breadcrumb\",\"itemListElement\":[{\"@type\":\"ListItem\",\"position\":1,\"name\":\"P\u00e1gina de inicio\",\"item\":\"https:\\\/\\\/gvilaw.com\\\/es\\\/\"},{\"@type\":\"ListItem\",\"position\":2,\"name\":\"Sobre la Firma\",\"item\":\"https:\\\/\\\/gvilaw.com\\\/es\\\/sobre-la-firma\\\/\"},{\"@type\":\"ListItem\",\"position\":3,\"name\":\"Awards &#038; Reconocimiento\"}]},{\"@type\":\"WebSite\",\"@id\":\"https:\\\/\\\/gvilaw.com\\\/es\\\/#website\",\"url\":\"https:\\\/\\\/gvilaw.com\\\/es\\\/\",\"name\":\"Glasheen, Valles & Inderman Injury Lawyers\",\"description\":\"Personal Injury Lawyers\",\"publisher\":{\"@id\":\"https:\\\/\\\/gvilaw.com\\\/es\\\/#organization\"},\"potentialAction\":[{\"@type\":\"SearchAction\",\"target\":{\"@type\":\"EntryPoint\",\"urlTemplate\":\"https:\\\/\\\/gvilaw.com\\\/es\\\/?s={search_term_string}\"},\"query-input\":{\"@type\":\"PropertyValueSpecification\",\"valueRequired\":true,\"valueName\":\"search_term_string\"}}],\"inLanguage\":\"es\"},{\"@type\":\"Organization\",\"@id\":\"https:\\\/\\\/gvilaw.com\\\/es\\\/#organization\",\"name\":\"Glasheen, Valles & Inderman Injury Lawyers\",\"alternateName\":\"GVILAW\",\"url\":\"https:\\\/\\\/gvilaw.com\\\/es\\\/\",\"logo\":{\"@type\":\"ImageObject\",\"inLanguage\":\"es\",\"@id\":\"https:\\\/\\\/gvilaw.com\\\/es\\\/#\\\/schema\\\/logo\\\/image\\\/\",\"url\":\"https:\\\/\\\/gvilaw.com\\\/wp-content\\\/uploads\\\/2024\\\/03\\\/Logo_GVI-ENG-Shield-Blk.png\",\"contentUrl\":\"https:\\\/\\\/gvilaw.com\\\/wp-content\\\/uploads\\\/2024\\\/03\\\/Logo_GVI-ENG-Shield-Blk.png\",\"width\":2792,\"height\":1802,\"caption\":\"Glasheen, Valles & Inderman Injury Lawyers\"},\"image\":{\"@id\":\"https:\\\/\\\/gvilaw.com\\\/es\\\/#\\\/schema\\\/logo\\\/image\\\/\"},\"sameAs\":[\"https:\\\/\\\/www.facebook.com\\\/GVILaw\",\"https:\\\/\\\/x.com\\\/gvilaw\",\"https:\\\/\\\/www.youtube.com\\\/user\\\/GlasheenLaw\"],\"legalName\":\"Glasheen, Valles & Inderman Injury Lawyers\",\"foundingDate\":\"1994-01-01\"}]}<\/script>\n<!-- \/ Yoast SEO Premium plugin. -->","yoast_head_json":{"title":"Awards & Reconocimiento - Glasheen, Valles &amp; Inderman","description":"Nuestra firma y los abogados son reconocidos anualmente como Texas Monthly Super Lawyers, Best Of The West In Lubbock, y por otras organizaciones prestigiosas.","robots":{"index":"index","follow":"follow","max-snippet":"max-snippet:-1","max-image-preview":"max-image-preview:large","max-video-preview":"max-video-preview:-1"},"canonical":"https:\/\/gvilaw.com\/es\/sobre-la-firma\/reconocimiento-de-premios\/","og_locale":"es_ES","og_type":"article","og_title":"Awards & Reconocimiento","og_description":"Nuestra firma y los abogados son reconocidos anualmente como Texas Monthly Super Lawyers, Best Of The West In Lubbock, y por otras organizaciones prestigiosas.","og_url":"https:\/\/gvilaw.com\/es\/sobre-la-firma\/reconocimiento-de-premios\/","og_site_name":"Glasheen, Valles &amp; Inderman","article_publisher":"https:\/\/www.facebook.com\/GVILaw","article_modified_time":"2022-11-29T03:39:20+00:00","og_image":[{"url":"https:\/\/gvilaw.com\/wp-content\/uploads\/2020\/11\/Board-Certified-Texas-Board-of-Legal-Specialization-Logo_2.svg","type":"","width":"","height":""}],"twitter_card":"summary_large_image","twitter_site":"@gvilaw","twitter_misc":{"Tiempo de lectura":"5 minutos"},"schema":{"@context":"https:\/\/schema.org","@graph":[{"@type":"WebPage","@id":"https:\/\/gvilaw.com\/es\/sobre-la-firma\/reconocimiento-de-premios\/","url":"https:\/\/gvilaw.com\/es\/sobre-la-firma\/reconocimiento-de-premios\/","name":"Awards & Reconocimiento - Glasheen, Valles &amp; Inderman","isPartOf":{"@id":"https:\/\/gvilaw.com\/es\/#website"},"primaryImageOfPage":{"@id":"https:\/\/gvilaw.com\/es\/sobre-la-firma\/reconocimiento-de-premios\/#primaryimage"},"image":{"@id":"https:\/\/gvilaw.com\/es\/sobre-la-firma\/reconocimiento-de-premios\/#primaryimage"},"thumbnailUrl":"https:\/\/gvilaw.com\/wp-content\/uploads\/2020\/11\/Board-Certified-Texas-Board-of-Legal-Specialization-Logo_2.svg","datePublished":"2013-10-17T21:19:18+00:00","dateModified":"2022-11-29T03:39:20+00:00","description":"Nuestra firma y los abogados son reconocidos anualmente como Texas Monthly Super Lawyers, Best Of The West In Lubbock, y por otras organizaciones prestigiosas.","breadcrumb":{"@id":"https:\/\/gvilaw.com\/es\/sobre-la-firma\/reconocimiento-de-premios\/#breadcrumb"},"inLanguage":"es","potentialAction":[{"@type":"ReadAction","target":["https:\/\/gvilaw.com\/es\/sobre-la-firma\/reconocimiento-de-premios\/"]}]},{"@type":"ImageObject","inLanguage":"es","@id":"https:\/\/gvilaw.com\/es\/sobre-la-firma\/reconocimiento-de-premios\/#primaryimage","url":"https:\/\/gvilaw.com\/wp-content\/uploads\/2020\/11\/Board-Certified-Texas-Board-of-Legal-Specialization-Logo_2.svg","contentUrl":"https:\/\/gvilaw.com\/wp-content\/uploads\/2020\/11\/Board-Certified-Texas-Board-of-Legal-Specialization-Logo_2.svg"},{"@type":"BreadcrumbList","@id":"https:\/\/gvilaw.com\/es\/sobre-la-firma\/reconocimiento-de-premios\/#breadcrumb","itemListElement":[{"@type":"ListItem","position":1,"name":"P\u00e1gina de inicio","item":"https:\/\/gvilaw.com\/es\/"},{"@type":"ListItem","position":2,"name":"Sobre la Firma","item":"https:\/\/gvilaw.com\/es\/sobre-la-firma\/"},{"@type":"ListItem","position":3,"name":"Awards &#038; Reconocimiento"}]},{"@type":"WebSite","@id":"https:\/\/gvilaw.com\/es\/#website","url":"https:\/\/gvilaw.com\/es\/","name":"Glasheen, Valles & Inderman Injury Lawyers","description":"Personal Injury Lawyers","publisher":{"@id":"https:\/\/gvilaw.com\/es\/#organization"},"potentialAction":[{"@type":"SearchAction","target":{"@type":"EntryPoint","urlTemplate":"https:\/\/gvilaw.com\/es\/?s={search_term_string}"},"query-input":{"@type":"PropertyValueSpecification","valueRequired":true,"valueName":"search_term_string"}}],"inLanguage":"es"},{"@type":"Organization","@id":"https:\/\/gvilaw.com\/es\/#organization","name":"Glasheen, Valles & Inderman Injury Lawyers","alternateName":"GVILAW","url":"https:\/\/gvilaw.com\/es\/","logo":{"@type":"ImageObject","inLanguage":"es","@id":"https:\/\/gvilaw.com\/es\/#\/schema\/logo\/image\/","url":"https:\/\/gvilaw.com\/wp-content\/uploads\/2024\/03\/Logo_GVI-ENG-Shield-Blk.png","contentUrl":"https:\/\/gvilaw.com\/wp-content\/uploads\/2024\/03\/Logo_GVI-ENG-Shield-Blk.png","width":2792,"height":1802,"caption":"Glasheen, Valles & Inderman Injury Lawyers"},"image":{"@id":"https:\/\/gvilaw.com\/es\/#\/schema\/logo\/image\/"},"sameAs":["https:\/\/www.facebook.com\/GVILaw","https:\/\/x.com\/gvilaw","https:\/\/www.youtube.com\/user\/GlasheenLaw"],"legalName":"Glasheen, Valles & Inderman Injury Lawyers","foundingDate":"1994-01-01"}]}},"_links":{"self":[{"href":"https:\/\/gvilaw.com\/es\/wp-json\/wp\/v2\/pages\/7818","targetHints":{"allow":["GET"]}}],"collection":[{"href":"https:\/\/gvilaw.com\/es\/wp-json\/wp\/v2\/pages"}],"about":[{"href":"https:\/\/gvilaw.com\/es\/wp-json\/wp\/v2\/types\/page"}],"author":[{"embeddable":true,"href":"https:\/\/gvilaw.com\/es\/wp-json\/wp\/v2\/users\/6"}],"replies":[{"embeddable":true,"href":"https:\/\/gvilaw.com\/es\/wp-json\/wp\/v2\/comments?post=7818"}],"version-history":[{"count":0,"href":"https:\/\/gvilaw.com\/es\/wp-json\/wp\/v2\/pages\/7818\/revisions"}],"up":[{"embeddable":true,"href":"https:\/\/gvilaw.com\/es\/wp-json\/wp\/v2\/pages\/7821"}],"wp:attachment":[{"href":"https:\/\/gvilaw.com\/es\/wp-json\/wp\/v2\/media?parent=7818"}],"curies":[{"name":"wp","href":"https:\/\/api.w.org\/{rel}","templated":true}]}}