{"id":7821,"date":"2013-10-04T15:57:37","date_gmt":"2013-10-04T15:57:37","guid":{"rendered":"https:\/\/gvilaw.wpengine.com\/about-the-firm\/"},"modified":"2025-10-14T14:28:37","modified_gmt":"2025-10-14T19:28:37","slug":"sobre-la-firma","status":"publish","type":"page","link":"https:\/\/gvilaw.com\/es\/sobre-la-firma\/","title":{"rendered":"Sobre la Firma"},"content":{"rendered":"<h3 data-start=\"77\" data-end=\"788\"><strong data-start=\"77\" data-end=\"93\">Sobre GVILAW<\/strong><\/h3>\n<p data-start=\"77\" data-end=\"788\">En Glasheen, Valles e Inderman Abogados de Lesiones Personales (GVILAW), comprendemos el profundo impacto que una lesi\u00f3n grave o una muerte por negligencia puede tener en las personas y sus familias. Por eso, estamos comprometidos a brindar una representaci\u00f3n agresiva y orientada a resultados para nuestros clientes. Con d\u00e9cadas de experiencia, un equipo capacitado y los recursos necesarios para enfrentar incluso los casos m\u00e1s desafiantes, luchamos incansablemente para asegurarnos de que nuestros clientes reciban la justicia y la compensaci\u00f3n que merecen. Ya sea mediante negociaci\u00f3n o juicio, nuestro compromiso es lograr resultados significativos que ayuden a nuestros clientes a reconstruir sus vidas.<\/p>\n<p data-start=\"790\" data-end=\"853\"><strong data-start=\"790\" data-end=\"853\">Algunas de nuestras recuperaciones m\u00e1s destacadas incluyen:<\/strong><\/p>\n<ul data-start=\"855\" data-end=\"1088\">\n<li data-start=\"855\" data-end=\"922\">\n<p data-start=\"857\" data-end=\"922\">$99 Millones | Lesi\u00f3n de Quemadura en el Campo Petrolero<\/p>\n<\/li>\n<li data-start=\"923\" data-end=\"1001\">\n<p data-start=\"925\" data-end=\"1001\">$65 millones | Caso de muerte injusta por descarrilamiento de tren<\/p>\n<\/li>\n<li data-start=\"1002\" data-end=\"1088\">\n<p data-start=\"1004\" data-end=\"1088\">$59 millones | Muerte por choque con cami\u00f3n de 18 ruedas<\/p>\n<\/li>\n<\/ul>\n<p data-start=\"1090\" data-end=\"1305\">Estos resultados muestran la experiencia y dedicaci\u00f3n que ponemos al servicio de nuestros clientes, lo que nos permite guiarlos eficazmente en los casos m\u00e1s complejos de lesiones personales. <a href=\"https:\/\/gvilaw.com\/es\/resultados\/\">[Ver m\u00e1s resultados\u2026]<\/a><\/p>\n<hr data-start=\"1307\" data-end=\"1310\" \/>\n<h3 data-start=\"1312\" data-end=\"1610\"><strong data-start=\"1312\" data-end=\"1331\">Nuestro Enfoque<\/strong><\/h3>\n<p data-start=\"1312\" data-end=\"1610\">La filosof\u00eda de nuestra firma es que los casos de lesiones personales deben ser procesados de manera agresiva. Creemos en tomar acciones decisivas para avanzar cada caso, mientras brindamos una representaci\u00f3n de primera clase. Nuestro \u00e9xito se basa en varios principios clave:<\/p>\n<ul data-start=\"1612\" data-end=\"3359\">\n<li data-start=\"1612\" data-end=\"1834\">\n<p data-start=\"1614\" data-end=\"1834\"><strong data-start=\"1614\" data-end=\"1641\">Confianza y Relaciones:<\/strong> La confianza es la base de nuestras relaciones con los clientes y abogados que nos refieren casos. Estas conexiones son m\u00e1s valiosas para nosotros que cualquier honorario que hayamos ganado.<\/p>\n<\/li>\n<li data-start=\"1835\" data-end=\"2225\">\n<p data-start=\"1837\" data-end=\"2225\"><strong data-start=\"1837\" data-end=\"1861\">Recursos para Ganar:<\/strong> Contamos con los recursos necesarios para manejar incluso los casos m\u00e1s complejos y significativos. Nuestro equipo est\u00e1 conformado por m\u00e1s de 50 profesionales, incluyendo un investigador interno, vide\u00f3grafo, dise\u00f1ador gr\u00e1fico, departamento de registros m\u00e9dicos, piloto a tiempo completo y piloto de drones. Esto nos permite garantizar un trabajo de primera clase en cada caso que asumimos.<\/p>\n<\/li>\n<li data-start=\"2226\" data-end=\"2432\">\n<p data-start=\"2228\" data-end=\"2432\"><strong data-start=\"2228\" data-end=\"2266\">Testigos Expertos de Primer Nivel:<\/strong> Contratamos a los mejores testigos expertos disponibles e invertimos el tiempo, esfuerzo y dinero necesarios para construir casos s\u00f3lidos que resistan en la corte.<\/p>\n<\/li>\n<li data-start=\"2433\" data-end=\"2803\">\n<p data-start=\"2435\" data-end=\"2803\"><strong data-start=\"2435\" data-end=\"2463\">Gesti\u00f3n Activa de Casos:<\/strong> Procesamos activamente cada caso, realizando reuniones mensuales con todo nuestro equipo para asegurar un avance constante. Adem\u00e1s, organizamos todos los archivos de litigio conforme a las \u00f3rdenes de programaci\u00f3n judicial y fechas l\u00edmite de juicio, garantizando que los casos sigan avanzando sin demora.<\/p>\n<\/li>\n<li data-start=\"2804\" data-end=\"3126\">\n<p data-start=\"2806\" data-end=\"3126\"><strong data-start=\"2806\" data-end=\"2834\">Preparaci\u00f3n para Juicio:<\/strong> Preparar cada caso como si fuera a ir a juicio fortalece nuestra posici\u00f3n en la mesa de negociaci\u00f3n y aumenta la probabilidad de lograr acuerdos favorables. Si preparas un caso para juicio, es m\u00e1s probable que se resuelva; si lo preparas para resolver, es m\u00e1s probable que llegue a juicio.<\/p>\n<\/li>\n<li data-start=\"3127\" data-end=\"3359\">\n<p data-start=\"3129\" data-end=\"3359\"><strong data-start=\"3129\" data-end=\"3161\">Comunicaci\u00f3n con el Cliente:<\/strong> La comunicaci\u00f3n con nuestros clientes es esencial. Siempre nos mantenemos accesibles: la mayor\u00eda de nuestros clientes tienen nuestros n\u00fameros de celular para poder contactarnos cuando lo necesiten.<\/p>\n<\/li>\n<\/ul>\n<hr data-start=\"3361\" data-end=\"3364\" \/>\n<h3 data-start=\"3366\" data-end=\"3853\"><strong data-start=\"3366\" data-end=\"3407\">Representaci\u00f3n Centrada en el Cliente<\/strong><\/h3>\n<p data-start=\"3366\" data-end=\"3853\">En Glasheen, Valles e Inderman Abogados de Lesiones Personales (GVILAW), el cliente siempre tiene la \u00faltima palabra. Aunque ofrecemos asesor\u00eda y orientaci\u00f3n profesional en cada etapa del proceso, es el cliente quien decide si acepta un acuerdo o contin\u00faa hasta el juicio. Para nosotros es un honor y un privilegio acompa\u00f1ar a nuestros clientes en algunos de los momentos m\u00e1s dif\u00edciles de sus vidas, luchando incansablemente por la justicia en su nombre.<\/p>\n<p data-start=\"3855\" data-end=\"3982\"><strong data-start=\"3855\" data-end=\"3982\">Cont\u00e1ctenos hoy para una consulta gratuita al <a href=\"tel:8664922509\">866-492-0284<\/a> o <a href=\"https:\/\/gvilaw.com\/es\/contacto\/\">cont\u00e1ctenos<\/a>. Perm\u00edtanos ayudarle a avanzar con confianza.<\/strong><\/p>\n","protected":false},"excerpt":{"rendered":"<p>Sobre GVILAW En Glasheen, Valles e Inderman Abogados de Lesiones Personales (GVILAW), comprendemos el profundo impacto que una lesi\u00f3n grave <span class=\"read-more\">&#8230;<\/span><\/p>\n","protected":false},"author":6,"featured_media":0,"parent":0,"menu_order":2,"comment_status":"closed","ping_status":"closed","template":"","meta":{"_acf_changed":false,"footnotes":""},"class_list":["post-7821","page","type-page","status-publish","hentry"],"acf":[],"yoast_head":"<!-- This site is optimized with the Yoast SEO Premium plugin v27.3 (Yoast SEO v27.4) - https:\/\/yoast.com\/product\/yoast-seo-premium-wordpress\/ -->\n<title>Sobre la Firma - Glasheen, Valles &amp; Inderman<\/title>\n<meta name=\"description\" content=\"Si ha estado lesionado en un accidente, llame a nuestra oficina hoy para una consulta gratuita. Trabajaremos para ayudarle a obtener la compensaci\u00f3n que merece!\" \/>\n<meta name=\"robots\" content=\"index, follow, max-snippet:-1, max-image-preview:large, max-video-preview:-1\" \/>\n<link rel=\"canonical\" href=\"https:\/\/gvilaw.com\/es\/sobre-la-firma\/\" \/>\n<meta property=\"og:locale\" content=\"es_ES\" \/>\n<meta property=\"og:type\" content=\"article\" \/>\n<meta property=\"og:title\" content=\"Sobre la Firma\" \/>\n<meta property=\"og:description\" content=\"Si ha estado lesionado en un accidente, llame a nuestra oficina hoy para una consulta gratuita. Trabajaremos para ayudarle a obtener la compensaci\u00f3n que merece!\" \/>\n<meta property=\"og:url\" content=\"https:\/\/gvilaw.com\/es\/sobre-la-firma\/\" \/>\n<meta property=\"og:site_name\" content=\"Glasheen, Valles &amp; Inderman\" \/>\n<meta property=\"article:publisher\" content=\"https:\/\/www.facebook.com\/GVILaw\" \/>\n<meta property=\"article:modified_time\" content=\"2025-10-14T19:28:37+00:00\" \/>\n<meta property=\"og:image\" content=\"https:\/\/gvilaw.com\/wp-content\/uploads\/2020\/06\/gvi-logo-rec.png\" \/>\n\t<meta property=\"og:image:width\" content=\"286\" \/>\n\t<meta property=\"og:image:height\" content=\"106\" \/>\n\t<meta property=\"og:image:type\" content=\"image\/png\" \/>\n<meta name=\"twitter:card\" content=\"summary_large_image\" \/>\n<meta name=\"twitter:site\" content=\"@gvilaw\" \/>\n<meta name=\"twitter:label1\" content=\"Tiempo de lectura\" \/>\n\t<meta name=\"twitter:data1\" content=\"4 minutos\" \/>\n<script type=\"application\/ld+json\" class=\"yoast-schema-graph\">{\"@context\":\"https:\\\/\\\/schema.org\",\"@graph\":[{\"@type\":\"WebPage\",\"@id\":\"https:\\\/\\\/gvilaw.com\\\/es\\\/sobre-la-firma\\\/\",\"url\":\"https:\\\/\\\/gvilaw.com\\\/es\\\/sobre-la-firma\\\/\",\"name\":\"Sobre la Firma - Glasheen, Valles &amp; Inderman\",\"isPartOf\":{\"@id\":\"https:\\\/\\\/gvilaw.com\\\/es\\\/#website\"},\"datePublished\":\"2013-10-04T15:57:37+00:00\",\"dateModified\":\"2025-10-14T19:28:37+00:00\",\"description\":\"Si ha estado lesionado en un accidente, llame a nuestra oficina hoy para una consulta gratuita. Trabajaremos para ayudarle a obtener la compensaci\u00f3n que merece!\",\"breadcrumb\":{\"@id\":\"https:\\\/\\\/gvilaw.com\\\/es\\\/sobre-la-firma\\\/#breadcrumb\"},\"inLanguage\":\"es\",\"potentialAction\":[{\"@type\":\"ReadAction\",\"target\":[\"https:\\\/\\\/gvilaw.com\\\/es\\\/sobre-la-firma\\\/\"]}]},{\"@type\":\"BreadcrumbList\",\"@id\":\"https:\\\/\\\/gvilaw.com\\\/es\\\/sobre-la-firma\\\/#breadcrumb\",\"itemListElement\":[{\"@type\":\"ListItem\",\"position\":1,\"name\":\"P\u00e1gina de inicio\",\"item\":\"https:\\\/\\\/gvilaw.com\\\/es\\\/\"},{\"@type\":\"ListItem\",\"position\":2,\"name\":\"Sobre la Firma\"}]},{\"@type\":\"WebSite\",\"@id\":\"https:\\\/\\\/gvilaw.com\\\/es\\\/#website\",\"url\":\"https:\\\/\\\/gvilaw.com\\\/es\\\/\",\"name\":\"Glasheen, Valles & Inderman Injury Lawyers\",\"description\":\"Personal Injury Lawyers\",\"publisher\":{\"@id\":\"https:\\\/\\\/gvilaw.com\\\/es\\\/#organization\"},\"potentialAction\":[{\"@type\":\"SearchAction\",\"target\":{\"@type\":\"EntryPoint\",\"urlTemplate\":\"https:\\\/\\\/gvilaw.com\\\/es\\\/?s={search_term_string}\"},\"query-input\":{\"@type\":\"PropertyValueSpecification\",\"valueRequired\":true,\"valueName\":\"search_term_string\"}}],\"inLanguage\":\"es\"},{\"@type\":\"Organization\",\"@id\":\"https:\\\/\\\/gvilaw.com\\\/es\\\/#organization\",\"name\":\"Glasheen, Valles & Inderman Injury Lawyers\",\"alternateName\":\"GVILAW\",\"url\":\"https:\\\/\\\/gvilaw.com\\\/es\\\/\",\"logo\":{\"@type\":\"ImageObject\",\"inLanguage\":\"es\",\"@id\":\"https:\\\/\\\/gvilaw.com\\\/es\\\/#\\\/schema\\\/logo\\\/image\\\/\",\"url\":\"https:\\\/\\\/gvilaw.com\\\/wp-content\\\/uploads\\\/2024\\\/03\\\/Logo_GVI-ENG-Shield-Blk.png\",\"contentUrl\":\"https:\\\/\\\/gvilaw.com\\\/wp-content\\\/uploads\\\/2024\\\/03\\\/Logo_GVI-ENG-Shield-Blk.png\",\"width\":2792,\"height\":1802,\"caption\":\"Glasheen, Valles & Inderman Injury Lawyers\"},\"image\":{\"@id\":\"https:\\\/\\\/gvilaw.com\\\/es\\\/#\\\/schema\\\/logo\\\/image\\\/\"},\"sameAs\":[\"https:\\\/\\\/www.facebook.com\\\/GVILaw\",\"https:\\\/\\\/x.com\\\/gvilaw\",\"https:\\\/\\\/www.youtube.com\\\/user\\\/GlasheenLaw\"],\"legalName\":\"Glasheen, Valles & Inderman Injury Lawyers\",\"foundingDate\":\"1994-01-01\"}]}<\/script>\n<!-- \/ Yoast SEO Premium plugin. -->","yoast_head_json":{"title":"Sobre la Firma - Glasheen, Valles &amp; Inderman","description":"Si ha estado lesionado en un accidente, llame a nuestra oficina hoy para una consulta gratuita. Trabajaremos para ayudarle a obtener la compensaci\u00f3n que merece!","robots":{"index":"index","follow":"follow","max-snippet":"max-snippet:-1","max-image-preview":"max-image-preview:large","max-video-preview":"max-video-preview:-1"},"canonical":"https:\/\/gvilaw.com\/es\/sobre-la-firma\/","og_locale":"es_ES","og_type":"article","og_title":"Sobre la Firma","og_description":"Si ha estado lesionado en un accidente, llame a nuestra oficina hoy para una consulta gratuita. Trabajaremos para ayudarle a obtener la compensaci\u00f3n que merece!","og_url":"https:\/\/gvilaw.com\/es\/sobre-la-firma\/","og_site_name":"Glasheen, Valles &amp; Inderman","article_publisher":"https:\/\/www.facebook.com\/GVILaw","article_modified_time":"2025-10-14T19:28:37+00:00","og_image":[{"width":286,"height":106,"url":"https:\/\/gvilaw.com\/wp-content\/uploads\/2020\/06\/gvi-logo-rec.png","type":"image\/png"}],"twitter_card":"summary_large_image","twitter_site":"@gvilaw","twitter_misc":{"Tiempo de lectura":"4 minutos"},"schema":{"@context":"https:\/\/schema.org","@graph":[{"@type":"WebPage","@id":"https:\/\/gvilaw.com\/es\/sobre-la-firma\/","url":"https:\/\/gvilaw.com\/es\/sobre-la-firma\/","name":"Sobre la Firma - Glasheen, Valles &amp; Inderman","isPartOf":{"@id":"https:\/\/gvilaw.com\/es\/#website"},"datePublished":"2013-10-04T15:57:37+00:00","dateModified":"2025-10-14T19:28:37+00:00","description":"Si ha estado lesionado en un accidente, llame a nuestra oficina hoy para una consulta gratuita. Trabajaremos para ayudarle a obtener la compensaci\u00f3n que merece!","breadcrumb":{"@id":"https:\/\/gvilaw.com\/es\/sobre-la-firma\/#breadcrumb"},"inLanguage":"es","potentialAction":[{"@type":"ReadAction","target":["https:\/\/gvilaw.com\/es\/sobre-la-firma\/"]}]},{"@type":"BreadcrumbList","@id":"https:\/\/gvilaw.com\/es\/sobre-la-firma\/#breadcrumb","itemListElement":[{"@type":"ListItem","position":1,"name":"P\u00e1gina de inicio","item":"https:\/\/gvilaw.com\/es\/"},{"@type":"ListItem","position":2,"name":"Sobre la Firma"}]},{"@type":"WebSite","@id":"https:\/\/gvilaw.com\/es\/#website","url":"https:\/\/gvilaw.com\/es\/","name":"Glasheen, Valles & Inderman Injury Lawyers","description":"Personal Injury Lawyers","publisher":{"@id":"https:\/\/gvilaw.com\/es\/#organization"},"potentialAction":[{"@type":"SearchAction","target":{"@type":"EntryPoint","urlTemplate":"https:\/\/gvilaw.com\/es\/?s={search_term_string}"},"query-input":{"@type":"PropertyValueSpecification","valueRequired":true,"valueName":"search_term_string"}}],"inLanguage":"es"},{"@type":"Organization","@id":"https:\/\/gvilaw.com\/es\/#organization","name":"Glasheen, Valles & Inderman Injury Lawyers","alternateName":"GVILAW","url":"https:\/\/gvilaw.com\/es\/","logo":{"@type":"ImageObject","inLanguage":"es","@id":"https:\/\/gvilaw.com\/es\/#\/schema\/logo\/image\/","url":"https:\/\/gvilaw.com\/wp-content\/uploads\/2024\/03\/Logo_GVI-ENG-Shield-Blk.png","contentUrl":"https:\/\/gvilaw.com\/wp-content\/uploads\/2024\/03\/Logo_GVI-ENG-Shield-Blk.png","width":2792,"height":1802,"caption":"Glasheen, Valles & Inderman Injury Lawyers"},"image":{"@id":"https:\/\/gvilaw.com\/es\/#\/schema\/logo\/image\/"},"sameAs":["https:\/\/www.facebook.com\/GVILaw","https:\/\/x.com\/gvilaw","https:\/\/www.youtube.com\/user\/GlasheenLaw"],"legalName":"Glasheen, Valles & Inderman Injury Lawyers","foundingDate":"1994-01-01"}]}},"_links":{"self":[{"href":"https:\/\/gvilaw.com\/es\/wp-json\/wp\/v2\/pages\/7821","targetHints":{"allow":["GET"]}}],"collection":[{"href":"https:\/\/gvilaw.com\/es\/wp-json\/wp\/v2\/pages"}],"about":[{"href":"https:\/\/gvilaw.com\/es\/wp-json\/wp\/v2\/types\/page"}],"author":[{"embeddable":true,"href":"https:\/\/gvilaw.com\/es\/wp-json\/wp\/v2\/users\/6"}],"replies":[{"embeddable":true,"href":"https:\/\/gvilaw.com\/es\/wp-json\/wp\/v2\/comments?post=7821"}],"version-history":[{"count":0,"href":"https:\/\/gvilaw.com\/es\/wp-json\/wp\/v2\/pages\/7821\/revisions"}],"wp:attachment":[{"href":"https:\/\/gvilaw.com\/es\/wp-json\/wp\/v2\/media?parent=7821"}],"curies":[{"name":"wp","href":"https:\/\/api.w.org\/{rel}","templated":true}]}}