{"id":7832,"date":"2013-10-04T18:22:57","date_gmt":"2013-10-04T18:22:57","guid":{"rendered":"https:\/\/gvilaw.wpengine.com\/sobre-la-empresa\/staff\/"},"modified":"2026-04-02T15:12:08","modified_gmt":"2026-04-02T20:12:08","slug":"personal","status":"publish","type":"page","link":"https:\/\/gvilaw.com\/es\/personal\/","title":{"rendered":"Personal"},"content":{"rendered":"<p>Cuando usted contrata Glasheen, Valles &amp; Inderman, \u2019 re no s\u00f3lo contratar a un abogado o un administrador de casos; est\u00e1 por contratar a un equipo de m\u00e1s de treinta y cinco miembros del personal y once abogados, muchos de los cuales son biling\u00fces en Ingl\u00e9s y Espa\u00f1ol, todos ellos est\u00e1n disponibles para trabajar en su caso. Llevamos a cabo reuniones mensuales de caso donde se discutir\u00e1 su caso en una habitaci\u00f3n de docenas de nuestro personal. Estas reuniones benefician su caso exponiendo a m\u00e1s de s\u00f3lo uno o dos miembros del personal. Nuestro equipo de Glasheen, Valles &amp; Inderman, cuenta con amplia experiencia legal y comprometido con la excelencia. Llame hoy para hablar con nuestro personal experimentado. Haga clic en imagen para leer la biograf\u00eda completa.<\/p>\n","protected":false},"excerpt":{"rendered":"<p>Cuando usted contrata Glasheen, Valles &amp; Inderman, \u2019 re no s\u00f3lo contratar a un abogado o un administrador de casos; <span class=\"read-more\">&#8230;<\/span><\/p>\n","protected":false},"author":6,"featured_media":0,"parent":0,"menu_order":36,"comment_status":"closed","ping_status":"open","template":"page-templates\/staff.php","meta":{"_acf_changed":false,"footnotes":""},"class_list":["post-7832","page","type-page","status-publish","hentry"],"acf":[],"yoast_head":"<!-- This site is optimized with the Yoast SEO Premium plugin v27.3 (Yoast SEO v27.4) - https:\/\/yoast.com\/product\/yoast-seo-premium-wordpress\/ -->\n<title>Personal - Glasheen, Valles &amp; Inderman<\/title>\n<meta name=\"description\" content=\"Cuando contrata a GVI, no solo est\u00e1 contratando a un abogado o un administrador de casos; usted est\u00e1 contratando un equipo de abogados y personal, muchos de los cuales son biling\u00fces en ingl\u00e9s y espa\u00f1ol.\" \/>\n<meta name=\"robots\" content=\"noindex, follow\" \/>\n<meta property=\"og:locale\" content=\"es_ES\" \/>\n<meta property=\"og:type\" content=\"article\" \/>\n<meta property=\"og:title\" content=\"Personal\" \/>\n<meta property=\"og:description\" content=\"Cuando contrata a GVI, no solo est\u00e1 contratando a un abogado o un administrador de casos; usted est\u00e1 contratando un equipo de abogados y personal, muchos de los cuales son biling\u00fces en ingl\u00e9s y espa\u00f1ol.\" \/>\n<meta property=\"og:url\" content=\"https:\/\/gvilaw.com\/es\/personal\/\" \/>\n<meta property=\"og:site_name\" content=\"Glasheen, Valles &amp; Inderman\" \/>\n<meta property=\"article:publisher\" content=\"https:\/\/www.facebook.com\/GVILaw\" \/>\n<meta property=\"article:modified_time\" content=\"2026-04-02T20:12:08+00:00\" \/>\n<meta property=\"og:image\" content=\"https:\/\/gvilaw.com\/wp-content\/uploads\/2020\/06\/gvi-logo-rec.png\" \/>\n\t<meta property=\"og:image:width\" content=\"286\" \/>\n\t<meta property=\"og:image:height\" content=\"106\" \/>\n\t<meta property=\"og:image:type\" content=\"image\/png\" \/>\n<meta name=\"twitter:card\" content=\"summary_large_image\" \/>\n<meta name=\"twitter:site\" content=\"@gvilaw\" \/>\n<meta name=\"twitter:label1\" content=\"Tiempo de lectura\" \/>\n\t<meta name=\"twitter:data1\" content=\"1 minuto\" \/>\n<script type=\"application\/ld+json\" class=\"yoast-schema-graph\">{\"@context\":\"https:\\\/\\\/schema.org\",\"@graph\":[{\"@type\":\"WebPage\",\"@id\":\"https:\\\/\\\/gvilaw.com\\\/es\\\/personal\\\/\",\"url\":\"https:\\\/\\\/gvilaw.com\\\/es\\\/personal\\\/\",\"name\":\"Personal - Glasheen, Valles &amp; Inderman\",\"isPartOf\":{\"@id\":\"https:\\\/\\\/gvilaw.com\\\/es\\\/#website\"},\"datePublished\":\"2013-10-04T18:22:57+00:00\",\"dateModified\":\"2026-04-02T20:12:08+00:00\",\"description\":\"Cuando contrata a GVI, no solo est\u00e1 contratando a un abogado o un administrador de casos; usted est\u00e1 contratando un equipo de abogados y personal, muchos de los cuales son biling\u00fces en ingl\u00e9s y espa\u00f1ol.\",\"breadcrumb\":{\"@id\":\"https:\\\/\\\/gvilaw.com\\\/es\\\/personal\\\/#breadcrumb\"},\"inLanguage\":\"es\",\"potentialAction\":[{\"@type\":\"ReadAction\",\"target\":[\"https:\\\/\\\/gvilaw.com\\\/es\\\/personal\\\/\"]}]},{\"@type\":\"BreadcrumbList\",\"@id\":\"https:\\\/\\\/gvilaw.com\\\/es\\\/personal\\\/#breadcrumb\",\"itemListElement\":[{\"@type\":\"ListItem\",\"position\":1,\"name\":\"P\u00e1gina de inicio\",\"item\":\"https:\\\/\\\/gvilaw.com\\\/es\\\/\"},{\"@type\":\"ListItem\",\"position\":2,\"name\":\"Personal\"}]},{\"@type\":\"WebSite\",\"@id\":\"https:\\\/\\\/gvilaw.com\\\/es\\\/#website\",\"url\":\"https:\\\/\\\/gvilaw.com\\\/es\\\/\",\"name\":\"Glasheen, Valles & Inderman Injury Lawyers\",\"description\":\"Personal Injury Lawyers\",\"publisher\":{\"@id\":\"https:\\\/\\\/gvilaw.com\\\/es\\\/#organization\"},\"potentialAction\":[{\"@type\":\"SearchAction\",\"target\":{\"@type\":\"EntryPoint\",\"urlTemplate\":\"https:\\\/\\\/gvilaw.com\\\/es\\\/?s={search_term_string}\"},\"query-input\":{\"@type\":\"PropertyValueSpecification\",\"valueRequired\":true,\"valueName\":\"search_term_string\"}}],\"inLanguage\":\"es\"},{\"@type\":\"Organization\",\"@id\":\"https:\\\/\\\/gvilaw.com\\\/es\\\/#organization\",\"name\":\"Glasheen, Valles & Inderman Injury Lawyers\",\"alternateName\":\"GVILAW\",\"url\":\"https:\\\/\\\/gvilaw.com\\\/es\\\/\",\"logo\":{\"@type\":\"ImageObject\",\"inLanguage\":\"es\",\"@id\":\"https:\\\/\\\/gvilaw.com\\\/es\\\/#\\\/schema\\\/logo\\\/image\\\/\",\"url\":\"https:\\\/\\\/gvilaw.com\\\/wp-content\\\/uploads\\\/2024\\\/03\\\/Logo_GVI-ENG-Shield-Blk.png\",\"contentUrl\":\"https:\\\/\\\/gvilaw.com\\\/wp-content\\\/uploads\\\/2024\\\/03\\\/Logo_GVI-ENG-Shield-Blk.png\",\"width\":2792,\"height\":1802,\"caption\":\"Glasheen, Valles & Inderman Injury Lawyers\"},\"image\":{\"@id\":\"https:\\\/\\\/gvilaw.com\\\/es\\\/#\\\/schema\\\/logo\\\/image\\\/\"},\"sameAs\":[\"https:\\\/\\\/www.facebook.com\\\/GVILaw\",\"https:\\\/\\\/x.com\\\/gvilaw\",\"https:\\\/\\\/www.youtube.com\\\/user\\\/GlasheenLaw\"],\"legalName\":\"Glasheen, Valles & Inderman Injury Lawyers\",\"foundingDate\":\"1994-01-01\"}]}<\/script>\n<!-- \/ Yoast SEO Premium plugin. -->","yoast_head_json":{"title":"Personal - Glasheen, Valles &amp; Inderman","description":"Cuando contrata a GVI, no solo est\u00e1 contratando a un abogado o un administrador de casos; usted est\u00e1 contratando un equipo de abogados y personal, muchos de los cuales son biling\u00fces en ingl\u00e9s y espa\u00f1ol.","robots":{"index":"noindex","follow":"follow"},"og_locale":"es_ES","og_type":"article","og_title":"Personal","og_description":"Cuando contrata a GVI, no solo est\u00e1 contratando a un abogado o un administrador de casos; usted est\u00e1 contratando un equipo de abogados y personal, muchos de los cuales son biling\u00fces en ingl\u00e9s y espa\u00f1ol.","og_url":"https:\/\/gvilaw.com\/es\/personal\/","og_site_name":"Glasheen, Valles &amp; Inderman","article_publisher":"https:\/\/www.facebook.com\/GVILaw","article_modified_time":"2026-04-02T20:12:08+00:00","og_image":[{"width":286,"height":106,"url":"https:\/\/gvilaw.com\/wp-content\/uploads\/2020\/06\/gvi-logo-rec.png","type":"image\/png"}],"twitter_card":"summary_large_image","twitter_site":"@gvilaw","twitter_misc":{"Tiempo de lectura":"1 minuto"},"schema":{"@context":"https:\/\/schema.org","@graph":[{"@type":"WebPage","@id":"https:\/\/gvilaw.com\/es\/personal\/","url":"https:\/\/gvilaw.com\/es\/personal\/","name":"Personal - Glasheen, Valles &amp; Inderman","isPartOf":{"@id":"https:\/\/gvilaw.com\/es\/#website"},"datePublished":"2013-10-04T18:22:57+00:00","dateModified":"2026-04-02T20:12:08+00:00","description":"Cuando contrata a GVI, no solo est\u00e1 contratando a un abogado o un administrador de casos; usted est\u00e1 contratando un equipo de abogados y personal, muchos de los cuales son biling\u00fces en ingl\u00e9s y espa\u00f1ol.","breadcrumb":{"@id":"https:\/\/gvilaw.com\/es\/personal\/#breadcrumb"},"inLanguage":"es","potentialAction":[{"@type":"ReadAction","target":["https:\/\/gvilaw.com\/es\/personal\/"]}]},{"@type":"BreadcrumbList","@id":"https:\/\/gvilaw.com\/es\/personal\/#breadcrumb","itemListElement":[{"@type":"ListItem","position":1,"name":"P\u00e1gina de inicio","item":"https:\/\/gvilaw.com\/es\/"},{"@type":"ListItem","position":2,"name":"Personal"}]},{"@type":"WebSite","@id":"https:\/\/gvilaw.com\/es\/#website","url":"https:\/\/gvilaw.com\/es\/","name":"Glasheen, Valles & Inderman Injury Lawyers","description":"Personal Injury Lawyers","publisher":{"@id":"https:\/\/gvilaw.com\/es\/#organization"},"potentialAction":[{"@type":"SearchAction","target":{"@type":"EntryPoint","urlTemplate":"https:\/\/gvilaw.com\/es\/?s={search_term_string}"},"query-input":{"@type":"PropertyValueSpecification","valueRequired":true,"valueName":"search_term_string"}}],"inLanguage":"es"},{"@type":"Organization","@id":"https:\/\/gvilaw.com\/es\/#organization","name":"Glasheen, Valles & Inderman Injury Lawyers","alternateName":"GVILAW","url":"https:\/\/gvilaw.com\/es\/","logo":{"@type":"ImageObject","inLanguage":"es","@id":"https:\/\/gvilaw.com\/es\/#\/schema\/logo\/image\/","url":"https:\/\/gvilaw.com\/wp-content\/uploads\/2024\/03\/Logo_GVI-ENG-Shield-Blk.png","contentUrl":"https:\/\/gvilaw.com\/wp-content\/uploads\/2024\/03\/Logo_GVI-ENG-Shield-Blk.png","width":2792,"height":1802,"caption":"Glasheen, Valles & Inderman Injury Lawyers"},"image":{"@id":"https:\/\/gvilaw.com\/es\/#\/schema\/logo\/image\/"},"sameAs":["https:\/\/www.facebook.com\/GVILaw","https:\/\/x.com\/gvilaw","https:\/\/www.youtube.com\/user\/GlasheenLaw"],"legalName":"Glasheen, Valles & Inderman Injury Lawyers","foundingDate":"1994-01-01"}]}},"_links":{"self":[{"href":"https:\/\/gvilaw.com\/es\/wp-json\/wp\/v2\/pages\/7832","targetHints":{"allow":["GET"]}}],"collection":[{"href":"https:\/\/gvilaw.com\/es\/wp-json\/wp\/v2\/pages"}],"about":[{"href":"https:\/\/gvilaw.com\/es\/wp-json\/wp\/v2\/types\/page"}],"author":[{"embeddable":true,"href":"https:\/\/gvilaw.com\/es\/wp-json\/wp\/v2\/users\/6"}],"replies":[{"embeddable":true,"href":"https:\/\/gvilaw.com\/es\/wp-json\/wp\/v2\/comments?post=7832"}],"version-history":[{"count":0,"href":"https:\/\/gvilaw.com\/es\/wp-json\/wp\/v2\/pages\/7832\/revisions"}],"wp:attachment":[{"href":"https:\/\/gvilaw.com\/es\/wp-json\/wp\/v2\/media?parent=7832"}],"curies":[{"name":"wp","href":"https:\/\/api.w.org\/{rel}","templated":true}]}}