{"id":7847,"date":"2015-11-20T08:30:16","date_gmt":"2015-11-20T14:30:16","guid":{"rendered":"https:\/\/gvilaw.wpengine.com\/jobs\/"},"modified":"2022-11-28T21:42:05","modified_gmt":"2022-11-29T03:42:05","slug":"trabajos","status":"publish","type":"page","link":"https:\/\/gvilaw.com\/es\/trabajos\/","title":{"rendered":"Empleo"},"content":{"rendered":"<p>Glasheen, Valles &amp; Inderman est\u00e1 expandiendo. Parte de ese proceso consiste en llevar personas nuevas a bordo. Abajo hay una lista de oportunidades de empleo disponibles. Si usted est\u00e1 interesado en uno o m\u00e1s de ellos, por correo electr\u00f3nico su curriculum vitae a <strong>employment [at]\u00a0gvilaw.com<\/strong>.<\/p>\n<p>Glasheen, Valles &amp; Inderman es un empleador que ofrece igualdad de oportunidades.<\/p>\n<p>There are no available positions at this time. Please check back in the future. Thank you.<\/p>\n<p style=\"text-align: center;\"><span style=\"color: #e50707; font-size: 2em; line-height: 1.2em;\">Presentar una solicitud ahora<\/span><\/p>\n<p style=\"text-align: center;\">O por correo electr\u00f3nico su curriculum vitae a <strong> empleo [en] gvilaw.com<\/strong><\/p>\n","protected":false},"excerpt":{"rendered":"<p>Glasheen, Valles &amp; Inderman est\u00e1 expandiendo. Parte de ese proceso consiste en llevar personas nuevas a bordo. Abajo hay una <span class=\"read-more\">&#8230;<\/span><\/p>\n","protected":false},"author":6,"featured_media":0,"parent":0,"menu_order":11,"comment_status":"closed","ping_status":"closed","template":"","meta":{"_acf_changed":false,"footnotes":""},"class_list":["post-7847","page","type-page","status-publish","hentry"],"acf":[],"yoast_head":"<!-- This site is optimized with the Yoast SEO Premium plugin v27.4 (Yoast SEO v27.5) - https:\/\/yoast.com\/product\/yoast-seo-premium-wordpress\/ -->\n<title>Empleo - Glasheen, Valles &amp; Inderman<\/title>\n<meta name=\"description\" content=\"A medida que nos expandimos, damos la bienvenida a las solicitudes de posibles miembros del equipo. Conozca las oportunidades de empleo en GVI Law.\" \/>\n<meta name=\"robots\" content=\"index, follow, max-snippet:-1, max-image-preview:large, max-video-preview:-1\" \/>\n<link rel=\"canonical\" href=\"https:\/\/gvilaw.com\/es\/trabajos\/\" \/>\n<meta property=\"og:locale\" content=\"es_ES\" \/>\n<meta property=\"og:type\" content=\"article\" \/>\n<meta property=\"og:title\" content=\"Empleo\" \/>\n<meta property=\"og:description\" content=\"A medida que nos expandimos, damos la bienvenida a las solicitudes de posibles miembros del equipo. Conozca las oportunidades de empleo en GVI Law.\" \/>\n<meta property=\"og:url\" content=\"https:\/\/gvilaw.com\/es\/trabajos\/\" \/>\n<meta property=\"og:site_name\" content=\"Glasheen, Valles &amp; Inderman\" \/>\n<meta property=\"article:publisher\" content=\"https:\/\/www.facebook.com\/GVILaw\" \/>\n<meta property=\"article:modified_time\" content=\"2022-11-29T03:42:05+00:00\" \/>\n<meta property=\"og:image\" content=\"https:\/\/gvilaw.com\/wp-content\/uploads\/2020\/06\/gvi-logo-rec.png\" \/>\n\t<meta property=\"og:image:width\" content=\"286\" \/>\n\t<meta property=\"og:image:height\" content=\"106\" \/>\n\t<meta property=\"og:image:type\" content=\"image\/png\" \/>\n<meta name=\"twitter:card\" content=\"summary_large_image\" \/>\n<meta name=\"twitter:site\" content=\"@gvilaw\" \/>\n<meta name=\"twitter:label1\" content=\"Tiempo de lectura\" \/>\n\t<meta name=\"twitter:data1\" content=\"1 minuto\" \/>\n<script type=\"application\/ld+json\" class=\"yoast-schema-graph\">{\"@context\":\"https:\\\/\\\/schema.org\",\"@graph\":[{\"@type\":\"WebPage\",\"@id\":\"https:\\\/\\\/gvilaw.com\\\/es\\\/trabajos\\\/\",\"url\":\"https:\\\/\\\/gvilaw.com\\\/es\\\/trabajos\\\/\",\"name\":\"Empleo - Glasheen, Valles &amp; Inderman\",\"isPartOf\":{\"@id\":\"https:\\\/\\\/gvilaw.com\\\/es\\\/#website\"},\"datePublished\":\"2015-11-20T14:30:16+00:00\",\"dateModified\":\"2022-11-29T03:42:05+00:00\",\"description\":\"A medida que nos expandimos, damos la bienvenida a las solicitudes de posibles miembros del equipo. Conozca las oportunidades de empleo en GVI Law.\",\"breadcrumb\":{\"@id\":\"https:\\\/\\\/gvilaw.com\\\/es\\\/trabajos\\\/#breadcrumb\"},\"inLanguage\":\"es\",\"potentialAction\":[{\"@type\":\"ReadAction\",\"target\":[\"https:\\\/\\\/gvilaw.com\\\/es\\\/trabajos\\\/\"]}]},{\"@type\":\"BreadcrumbList\",\"@id\":\"https:\\\/\\\/gvilaw.com\\\/es\\\/trabajos\\\/#breadcrumb\",\"itemListElement\":[{\"@type\":\"ListItem\",\"position\":1,\"name\":\"P\u00e1gina de inicio\",\"item\":\"https:\\\/\\\/gvilaw.com\\\/es\\\/\"},{\"@type\":\"ListItem\",\"position\":2,\"name\":\"Empleo\"}]},{\"@type\":\"WebSite\",\"@id\":\"https:\\\/\\\/gvilaw.com\\\/es\\\/#website\",\"url\":\"https:\\\/\\\/gvilaw.com\\\/es\\\/\",\"name\":\"Glasheen, Valles & Inderman Injury Lawyers\",\"description\":\"Personal Injury Lawyers\",\"publisher\":{\"@id\":\"https:\\\/\\\/gvilaw.com\\\/es\\\/#organization\"},\"potentialAction\":[{\"@type\":\"SearchAction\",\"target\":{\"@type\":\"EntryPoint\",\"urlTemplate\":\"https:\\\/\\\/gvilaw.com\\\/es\\\/?s={search_term_string}\"},\"query-input\":{\"@type\":\"PropertyValueSpecification\",\"valueRequired\":true,\"valueName\":\"search_term_string\"}}],\"inLanguage\":\"es\"},{\"@type\":\"Organization\",\"@id\":\"https:\\\/\\\/gvilaw.com\\\/es\\\/#organization\",\"name\":\"Glasheen, Valles & Inderman Injury Lawyers\",\"alternateName\":\"GVILAW\",\"url\":\"https:\\\/\\\/gvilaw.com\\\/es\\\/\",\"logo\":{\"@type\":\"ImageObject\",\"inLanguage\":\"es\",\"@id\":\"https:\\\/\\\/gvilaw.com\\\/es\\\/#\\\/schema\\\/logo\\\/image\\\/\",\"url\":\"https:\\\/\\\/gvilaw.com\\\/wp-content\\\/uploads\\\/2024\\\/03\\\/Logo_GVI-ENG-Shield-Blk.png\",\"contentUrl\":\"https:\\\/\\\/gvilaw.com\\\/wp-content\\\/uploads\\\/2024\\\/03\\\/Logo_GVI-ENG-Shield-Blk.png\",\"width\":2792,\"height\":1802,\"caption\":\"Glasheen, Valles & Inderman Injury Lawyers\"},\"image\":{\"@id\":\"https:\\\/\\\/gvilaw.com\\\/es\\\/#\\\/schema\\\/logo\\\/image\\\/\"},\"sameAs\":[\"https:\\\/\\\/www.facebook.com\\\/GVILaw\",\"https:\\\/\\\/x.com\\\/gvilaw\",\"https:\\\/\\\/www.youtube.com\\\/user\\\/GlasheenLaw\"],\"legalName\":\"Glasheen, Valles & Inderman Injury Lawyers\",\"foundingDate\":\"1994-01-01\"}]}<\/script>\n<!-- \/ Yoast SEO Premium plugin. -->","yoast_head_json":{"title":"Empleo - Glasheen, Valles &amp; Inderman","description":"A medida que nos expandimos, damos la bienvenida a las solicitudes de posibles miembros del equipo. Conozca las oportunidades de empleo en GVI Law.","robots":{"index":"index","follow":"follow","max-snippet":"max-snippet:-1","max-image-preview":"max-image-preview:large","max-video-preview":"max-video-preview:-1"},"canonical":"https:\/\/gvilaw.com\/es\/trabajos\/","og_locale":"es_ES","og_type":"article","og_title":"Empleo","og_description":"A medida que nos expandimos, damos la bienvenida a las solicitudes de posibles miembros del equipo. Conozca las oportunidades de empleo en GVI Law.","og_url":"https:\/\/gvilaw.com\/es\/trabajos\/","og_site_name":"Glasheen, Valles &amp; Inderman","article_publisher":"https:\/\/www.facebook.com\/GVILaw","article_modified_time":"2022-11-29T03:42:05+00:00","og_image":[{"width":286,"height":106,"url":"https:\/\/gvilaw.com\/wp-content\/uploads\/2020\/06\/gvi-logo-rec.png","type":"image\/png"}],"twitter_card":"summary_large_image","twitter_site":"@gvilaw","twitter_misc":{"Tiempo de lectura":"1 minuto"},"schema":{"@context":"https:\/\/schema.org","@graph":[{"@type":"WebPage","@id":"https:\/\/gvilaw.com\/es\/trabajos\/","url":"https:\/\/gvilaw.com\/es\/trabajos\/","name":"Empleo - Glasheen, Valles &amp; Inderman","isPartOf":{"@id":"https:\/\/gvilaw.com\/es\/#website"},"datePublished":"2015-11-20T14:30:16+00:00","dateModified":"2022-11-29T03:42:05+00:00","description":"A medida que nos expandimos, damos la bienvenida a las solicitudes de posibles miembros del equipo. Conozca las oportunidades de empleo en GVI Law.","breadcrumb":{"@id":"https:\/\/gvilaw.com\/es\/trabajos\/#breadcrumb"},"inLanguage":"es","potentialAction":[{"@type":"ReadAction","target":["https:\/\/gvilaw.com\/es\/trabajos\/"]}]},{"@type":"BreadcrumbList","@id":"https:\/\/gvilaw.com\/es\/trabajos\/#breadcrumb","itemListElement":[{"@type":"ListItem","position":1,"name":"P\u00e1gina de inicio","item":"https:\/\/gvilaw.com\/es\/"},{"@type":"ListItem","position":2,"name":"Empleo"}]},{"@type":"WebSite","@id":"https:\/\/gvilaw.com\/es\/#website","url":"https:\/\/gvilaw.com\/es\/","name":"Glasheen, Valles & Inderman Injury Lawyers","description":"Personal Injury Lawyers","publisher":{"@id":"https:\/\/gvilaw.com\/es\/#organization"},"potentialAction":[{"@type":"SearchAction","target":{"@type":"EntryPoint","urlTemplate":"https:\/\/gvilaw.com\/es\/?s={search_term_string}"},"query-input":{"@type":"PropertyValueSpecification","valueRequired":true,"valueName":"search_term_string"}}],"inLanguage":"es"},{"@type":"Organization","@id":"https:\/\/gvilaw.com\/es\/#organization","name":"Glasheen, Valles & Inderman Injury Lawyers","alternateName":"GVILAW","url":"https:\/\/gvilaw.com\/es\/","logo":{"@type":"ImageObject","inLanguage":"es","@id":"https:\/\/gvilaw.com\/es\/#\/schema\/logo\/image\/","url":"https:\/\/gvilaw.com\/wp-content\/uploads\/2024\/03\/Logo_GVI-ENG-Shield-Blk.png","contentUrl":"https:\/\/gvilaw.com\/wp-content\/uploads\/2024\/03\/Logo_GVI-ENG-Shield-Blk.png","width":2792,"height":1802,"caption":"Glasheen, Valles & Inderman Injury Lawyers"},"image":{"@id":"https:\/\/gvilaw.com\/es\/#\/schema\/logo\/image\/"},"sameAs":["https:\/\/www.facebook.com\/GVILaw","https:\/\/x.com\/gvilaw","https:\/\/www.youtube.com\/user\/GlasheenLaw"],"legalName":"Glasheen, Valles & Inderman Injury Lawyers","foundingDate":"1994-01-01"}]}},"_links":{"self":[{"href":"https:\/\/gvilaw.com\/es\/wp-json\/wp\/v2\/pages\/7847","targetHints":{"allow":["GET"]}}],"collection":[{"href":"https:\/\/gvilaw.com\/es\/wp-json\/wp\/v2\/pages"}],"about":[{"href":"https:\/\/gvilaw.com\/es\/wp-json\/wp\/v2\/types\/page"}],"author":[{"embeddable":true,"href":"https:\/\/gvilaw.com\/es\/wp-json\/wp\/v2\/users\/6"}],"replies":[{"embeddable":true,"href":"https:\/\/gvilaw.com\/es\/wp-json\/wp\/v2\/comments?post=7847"}],"version-history":[{"count":0,"href":"https:\/\/gvilaw.com\/es\/wp-json\/wp\/v2\/pages\/7847\/revisions"}],"wp:attachment":[{"href":"https:\/\/gvilaw.com\/es\/wp-json\/wp\/v2\/media?parent=7847"}],"curies":[{"name":"wp","href":"https:\/\/api.w.org\/{rel}","templated":true}]}}